{"id":9298,"date":"2017-02-08T08:54:10","date_gmt":"2017-02-08T07:54:10","guid":{"rendered":"https:\/\/www.folylingerie.com\/perizoma-gioiello-emily.html"},"modified":"2026-03-23T10:34:04","modified_gmt":"2026-03-23T09:34:04","slug":"perizoma-gioiello-emily","status":"publish","type":"product","link":"https:\/\/www.folylingerie.com\/it\/perizoma-gioiello-emily","title":{"rendered":"Perizoma Gioiello Emily regolabile"},"content":{"rendered":"<h2>PERIZOMA GIOIELLO EMILY<\/h2>\n<p>Un dettaglio geometrico per impreziosire l\u2019<strong>abbigliamento intimo<\/strong> di ogni giorno e di ogni notte. Il <strong>perizoma gioiello\u00a0<strong>Emily<\/strong><\/strong>\u00a0di Foly Lingerie \u00e8 l\u2019accessorio da indossare per completare i vostri look con un <strong>intimo a vista<\/strong> o per stupire anche nell\u2019intimit\u00e0. <strong>Perizoma microfibra<\/strong> dal classico taglio a T con tassello triangolare anteriore, il Iside \u00e8 arricchito da un bijou posteriore in nikel free anallergico dal particolare motivo ad ispirazione geometrica composta da una tripla fila di strass concatenati in una morbida maglia colore argento. Un&#8217;originale e <strong>scintillante idea regalo<\/strong> da fare (e da farsi) per momenti indimenticabili.<\/p>\n<h4><strong><span style=\"color: #993366;\">SEX TIPS<\/span><\/strong><\/h4>\n<p>Il<strong> perizoma gioiello Emily \u00e8 un capo intimo comodo<\/strong> e facile da portare. Merito della sua forma e composizione. Ideato e prodotto in Italia in esclusiva da Foly Lingerie, il perizoma Emily \u00e8 realizzato con la fibra LYCRA\u00ae BEAUTY ad effetto modellante che assicura alla silhouette una perfetta vestibilit\u00e0, comfort e libert\u00e0 di movimento. Il tessuto protegge dai raggi UV schermando la pelle dalle radiazioni fino al 97,5%. Per questo pu\u00f2 essere indossato a vista, sotto abiti in pizzo, tulle e trasparenti. Grazie alle stringhe regolabili \u00e8 possibile altres\u00ec aumentare la <strong>sgambatura<\/strong> e mostrare il dettaglio gioiello sopra jeans e gonne a vita bassa. <strong>Un intimo sexy per tutte le donne e tutte le taglie!<\/strong><\/p>\n<p>&nbsp;<\/p>\n","protected":false},"excerpt":{"rendered":"<p>Perizoma in microfibra con bijou regolabile.<\/p>\n<p><strong>Materiali: <\/strong>85% Poliamyde, 15% Elastan, accessori nikel-free<\/p>\n","protected":false},"featured_media":9284,"comment_status":"open","ping_status":"closed","template":"","meta":{"footnotes":""},"product_brand":[157],"product_cat":[207],"product_tag":[],"class_list":{"0":"post-9298","1":"product","2":"type-product","3":"status-publish","4":"has-post-thumbnail","6":"product_brand-foly-lingerie","7":"product_cat-perizoma-gioiello","9":"first","10":"instock","11":"taxable","12":"shipping-taxable","13":"purchasable","14":"product-type-simple"},"_links":{"self":[{"href":"https:\/\/www.folylingerie.com\/it\/wp-json\/wp\/v2\/product\/9298","targetHints":{"allow":["GET"]}}],"collection":[{"href":"https:\/\/www.folylingerie.com\/it\/wp-json\/wp\/v2\/product"}],"about":[{"href":"https:\/\/www.folylingerie.com\/it\/wp-json\/wp\/v2\/types\/product"}],"replies":[{"embeddable":true,"href":"https:\/\/www.folylingerie.com\/it\/wp-json\/wp\/v2\/comments?post=9298"}],"version-history":[{"count":1,"href":"https:\/\/www.folylingerie.com\/it\/wp-json\/wp\/v2\/product\/9298\/revisions"}],"predecessor-version":[{"id":19411,"href":"https:\/\/www.folylingerie.com\/it\/wp-json\/wp\/v2\/product\/9298\/revisions\/19411"}],"wp:featuredmedia":[{"embeddable":true,"href":"https:\/\/www.folylingerie.com\/it\/wp-json\/wp\/v2\/media\/9284"}],"wp:attachment":[{"href":"https:\/\/www.folylingerie.com\/it\/wp-json\/wp\/v2\/media?parent=9298"}],"wp:term":[{"taxonomy":"product_brand","embeddable":true,"href":"https:\/\/www.folylingerie.com\/it\/wp-json\/wp\/v2\/product_brand?post=9298"},{"taxonomy":"product_cat","embeddable":true,"href":"https:\/\/www.folylingerie.com\/it\/wp-json\/wp\/v2\/product_cat?post=9298"},{"taxonomy":"product_tag","embeddable":true,"href":"https:\/\/www.folylingerie.com\/it\/wp-json\/wp\/v2\/product_tag?post=9298"}],"curies":[{"name":"wp","href":"https:\/\/api.w.org\/{rel}","templated":true}]}}