{"id":8492,"date":"2016-02-01T14:48:15","date_gmt":"2016-02-01T13:48:15","guid":{"rendered":"https:\/\/www.folylingerie.com\/baby-doll-circe.html"},"modified":"2026-04-09T16:40:05","modified_gmt":"2026-04-09T14:40:05","slug":"baby-doll-circe","status":"publish","type":"product","link":"https:\/\/www.folylingerie.com\/it\/baby-doll-circe","title":{"rendered":"BabyDoll Circe"},"content":{"rendered":"<h2>BABY DOLL CON STILE<\/h2>\n<p>Leggero e impalpabile, il <strong>baby doll Circe di Foly Lingerie ammalia lo sguardo<\/strong> grazie alla fantasia psichedelica del suo bustier: una canotta dalle spalline strette e regolabili, caratterizzata da onde bicolor in movimento. Il baby doll si conclude in gonnellino svasato ai lati. Disponibile nelle taglie S\/M e M\/L, Circe garantisce una perfetta aderenza alla silhouette grazie alla presenza di elastan.<\/p>\n<p><strong><span style=\"color: #993366;\">SEX TIPS<\/span><\/strong><\/p>\n<p>Riunione in ufficio? Non tralasciate di mostrare il vostro lato pi\u00f9 audace: grazie al tessuto elastico e di alta qualit\u00e0, Circa \u00e8 ideale sia come pezzo unico, in combinazione ai tanga bicolor abbinati al corpetto, che come sottogiacca.<\/p>\n<p>SCHEDA TECNICA<\/p>\n<p><strong>Materiali:<\/strong> Poliamyde 85% Elastan 15%<br \/>\n<strong>Categoria: <\/strong>babydoll, lingerie donna, abbigliamento donna<\/p>\n","protected":false},"excerpt":{"rendered":"<p>Babydoll in fantasia Lurex oro.<\/p>\n","protected":false},"featured_media":8484,"comment_status":"open","ping_status":"closed","template":"","meta":{"footnotes":""},"product_brand":[157],"product_cat":[170],"product_tag":[],"class_list":{"0":"post-8492","1":"product","2":"type-product","3":"status-publish","4":"has-post-thumbnail","6":"product_brand-foly-lingerie","7":"product_cat-babydolls","9":"first","10":"outofstock","11":"sale","12":"taxable","13":"shipping-taxable","14":"purchasable","15":"product-type-variable","16":"has-default-attributes"},"_links":{"self":[{"href":"https:\/\/www.folylingerie.com\/it\/wp-json\/wp\/v2\/product\/8492","targetHints":{"allow":["GET"]}}],"collection":[{"href":"https:\/\/www.folylingerie.com\/it\/wp-json\/wp\/v2\/product"}],"about":[{"href":"https:\/\/www.folylingerie.com\/it\/wp-json\/wp\/v2\/types\/product"}],"replies":[{"embeddable":true,"href":"https:\/\/www.folylingerie.com\/it\/wp-json\/wp\/v2\/comments?post=8492"}],"version-history":[{"count":0,"href":"https:\/\/www.folylingerie.com\/it\/wp-json\/wp\/v2\/product\/8492\/revisions"}],"wp:featuredmedia":[{"embeddable":true,"href":"https:\/\/www.folylingerie.com\/it\/wp-json\/wp\/v2\/media\/8484"}],"wp:attachment":[{"href":"https:\/\/www.folylingerie.com\/it\/wp-json\/wp\/v2\/media?parent=8492"}],"wp:term":[{"taxonomy":"product_brand","embeddable":true,"href":"https:\/\/www.folylingerie.com\/it\/wp-json\/wp\/v2\/product_brand?post=8492"},{"taxonomy":"product_cat","embeddable":true,"href":"https:\/\/www.folylingerie.com\/it\/wp-json\/wp\/v2\/product_cat?post=8492"},{"taxonomy":"product_tag","embeddable":true,"href":"https:\/\/www.folylingerie.com\/it\/wp-json\/wp\/v2\/product_tag?post=8492"}],"curies":[{"name":"wp","href":"https:\/\/api.w.org\/{rel}","templated":true}]}}