{"id":8234,"date":"2014-01-30T10:51:12","date_gmt":"2014-01-30T09:51:12","guid":{"rendered":"https:\/\/www.folylingerie.com\/bodystocking-catsuit-love.html"},"modified":"2026-04-09T16:31:25","modified_gmt":"2026-04-09T14:31:25","slug":"bodystocking-catsuit-love","status":"publish","type":"product","link":"https:\/\/www.folylingerie.com\/it\/bodystocking-catsuit-love","title":{"rendered":"Tuta aperta Love"},"content":{"rendered":"<h2>BODYSTOCKING CUORE<\/h2>\n<p>Love \u00e8 un bodystocking catsuit in tessuto micro elasticizzato semilucido certificato oeko-tex dalla maliziosa apertura posteriore a forma di cuore: un particolare di stile che la rende un capo estremamente erotico. La morbida microfibra e l\u2019aderenza come una seconda pelle ne consentono l\u2019uso sotto gli abiti. Questo capo \u00e8 stato realizzato con la fibra LYCRA\u00ae BEAUTY per un effetto modellante della silhouette che assicura comfort e libert\u00e0 di movimento. La sua composizione offre protezione dai raggi UV: il 97,5% delle radiazioni NON PASSA. Love \u00e8 disponibile in colore nero nelle taglie S\/M e M\/L.<\/p>\n<p><span style=\"color: #993366;\"><strong>SEX TIPS<\/strong><\/span><\/p>\n<p>Love \u00e8 il capo da indossare durante gli incontri pi\u00f9 hot come accessorio intimo sexy, ma anche il capo pi\u00f9 cool per una danza in stile lap-dance. In chiave moderna sar\u00e0 il regalo perfetto per un addio al celibato.<\/p>\n<p>SCHEDA TECNICA<\/p>\n<p><strong>Materiali:\u00a0<\/strong>Poliamyde 85% Elastan 15%<br \/>\n<strong>Categoria:\u00a0<\/strong>lingerie donna, bodystocking, lingerie sexy<\/p>\n<p>&nbsp;<\/p>\n","protected":false},"excerpt":{"rendered":"<p>Tuta aperta in tessuto micro elasticizzato.<\/p>\n","protected":false},"featured_media":16055,"comment_status":"open","ping_status":"closed","template":"","meta":{"footnotes":""},"product_brand":[157],"product_cat":[173],"product_tag":[],"class_list":{"0":"post-8234","1":"product","2":"type-product","3":"status-publish","4":"has-post-thumbnail","6":"product_brand-foly-lingerie","7":"product_cat-bodystocking-catsuit","9":"first","10":"instock","11":"featured","12":"taxable","13":"shipping-taxable","14":"purchasable","15":"product-type-variable","16":"has-default-attributes"},"_links":{"self":[{"href":"https:\/\/www.folylingerie.com\/it\/wp-json\/wp\/v2\/product\/8234","targetHints":{"allow":["GET"]}}],"collection":[{"href":"https:\/\/www.folylingerie.com\/it\/wp-json\/wp\/v2\/product"}],"about":[{"href":"https:\/\/www.folylingerie.com\/it\/wp-json\/wp\/v2\/types\/product"}],"replies":[{"embeddable":true,"href":"https:\/\/www.folylingerie.com\/it\/wp-json\/wp\/v2\/comments?post=8234"}],"version-history":[{"count":1,"href":"https:\/\/www.folylingerie.com\/it\/wp-json\/wp\/v2\/product\/8234\/revisions"}],"predecessor-version":[{"id":19531,"href":"https:\/\/www.folylingerie.com\/it\/wp-json\/wp\/v2\/product\/8234\/revisions\/19531"}],"wp:featuredmedia":[{"embeddable":true,"href":"https:\/\/www.folylingerie.com\/it\/wp-json\/wp\/v2\/media\/16055"}],"wp:attachment":[{"href":"https:\/\/www.folylingerie.com\/it\/wp-json\/wp\/v2\/media?parent=8234"}],"wp:term":[{"taxonomy":"product_brand","embeddable":true,"href":"https:\/\/www.folylingerie.com\/it\/wp-json\/wp\/v2\/product_brand?post=8234"},{"taxonomy":"product_cat","embeddable":true,"href":"https:\/\/www.folylingerie.com\/it\/wp-json\/wp\/v2\/product_cat?post=8234"},{"taxonomy":"product_tag","embeddable":true,"href":"https:\/\/www.folylingerie.com\/it\/wp-json\/wp\/v2\/product_tag?post=8234"}],"curies":[{"name":"wp","href":"https:\/\/api.w.org\/{rel}","templated":true}]}}