{"id":8170,"date":"2013-10-25T15:25:30","date_gmt":"2013-10-25T13:25:30","guid":{"rendered":"https:\/\/www.folylingerie.com\/baby-doll-alessia.html"},"modified":"2026-04-09T16:38:21","modified_gmt":"2026-04-09T14:38:21","slug":"baby-doll-alessia","status":"publish","type":"product","link":"https:\/\/www.folylingerie.com\/it\/baby-doll-alessia","title":{"rendered":"BabyDoll Alessia"},"content":{"rendered":"<h2>Romantico Baby Doll<\/h2>\n<p><strong>Alessia \u00e8 un baby doll nero dal ricamo romantico.<\/strong> Realizzato in tessuto tulle elasticizzato, con top in pizzo organza , certificato oeko-tex.\u00a0 Le spalline sono sottili e regolabili. Lo scollo rotonda dona una vestibilit\u00e0 dolce e morbida. La lunghezza si ferma appena sotto la linea delle rotondit\u00e0. Il tutto per un <em>effetto vedo non vedo<\/em> che dona sensualit\u00e0 alla femminilit\u00e0 di un capo semplice da indossare. Alessia \u00e8 disponibile nelle taglia S\/M nel colore nero.<\/p>\n<p><span style=\"color: #993366;\"><strong>SEX TIPS<\/strong><\/span><\/p>\n<p>Per enfatizzare l\u2019erotismo di questo capo d\u2019abbigliamento intimo suggeriamo di abbinare il baby doll Alessia alle calze autoreggenti Foly Lingerie: dalle pi\u00f9 classiche con bordo in pizzo, a quelle pi\u00f9 originali con bordature in raso, ogni proposta sar\u00e0 l\u2019inizio di un gioco erotico in cui sarete voi a dettare le regole!<\/p>\n<p>SCHEDA TECNICA<\/p>\n<p><strong>Materiali:<\/strong> Poliamyde 85% Elastan 15%<br \/>\n<strong>Categoria: <\/strong>babydoll, lingerie donna, abbigliamento donna<\/p>\n","protected":false},"excerpt":{"rendered":"<p>Baby Doll in tulle elasticizzato con top in pizzo.<\/p>\n","protected":false},"featured_media":16059,"comment_status":"open","ping_status":"closed","template":"","meta":{"footnotes":""},"product_brand":[157],"product_cat":[170],"product_tag":[],"class_list":{"0":"post-8170","1":"product","2":"type-product","3":"status-publish","4":"has-post-thumbnail","6":"product_brand-foly-lingerie","7":"product_cat-babydolls","9":"first","10":"instock","11":"taxable","12":"shipping-taxable","13":"purchasable","14":"product-type-variable","15":"has-default-attributes"},"_links":{"self":[{"href":"https:\/\/www.folylingerie.com\/it\/wp-json\/wp\/v2\/product\/8170","targetHints":{"allow":["GET"]}}],"collection":[{"href":"https:\/\/www.folylingerie.com\/it\/wp-json\/wp\/v2\/product"}],"about":[{"href":"https:\/\/www.folylingerie.com\/it\/wp-json\/wp\/v2\/types\/product"}],"replies":[{"embeddable":true,"href":"https:\/\/www.folylingerie.com\/it\/wp-json\/wp\/v2\/comments?post=8170"}],"version-history":[{"count":1,"href":"https:\/\/www.folylingerie.com\/it\/wp-json\/wp\/v2\/product\/8170\/revisions"}],"predecessor-version":[{"id":19533,"href":"https:\/\/www.folylingerie.com\/it\/wp-json\/wp\/v2\/product\/8170\/revisions\/19533"}],"wp:featuredmedia":[{"embeddable":true,"href":"https:\/\/www.folylingerie.com\/it\/wp-json\/wp\/v2\/media\/16059"}],"wp:attachment":[{"href":"https:\/\/www.folylingerie.com\/it\/wp-json\/wp\/v2\/media?parent=8170"}],"wp:term":[{"taxonomy":"product_brand","embeddable":true,"href":"https:\/\/www.folylingerie.com\/it\/wp-json\/wp\/v2\/product_brand?post=8170"},{"taxonomy":"product_cat","embeddable":true,"href":"https:\/\/www.folylingerie.com\/it\/wp-json\/wp\/v2\/product_cat?post=8170"},{"taxonomy":"product_tag","embeddable":true,"href":"https:\/\/www.folylingerie.com\/it\/wp-json\/wp\/v2\/product_tag?post=8170"}],"curies":[{"name":"wp","href":"https:\/\/api.w.org\/{rel}","templated":true}]}}