{"id":8062,"date":"2012-01-31T09:26:45","date_gmt":"2012-01-31T08:26:45","guid":{"rendered":"https:\/\/www.folylingerie.com\/body-liz.html"},"modified":"2025-11-21T16:15:07","modified_gmt":"2025-11-21T15:15:07","slug":"body-liz","status":"publish","type":"product","link":"https:\/\/www.folylingerie.com\/it\/body-liz","title":{"rendered":"Body LIZ"},"content":{"rendered":"<h2>Il lato sexy di un romantico body intimo<\/h2>\n<p>Un <strong>body romantico<\/strong> ed elegante dedicato a donne raffinate che amano stuzzicare lo sguardo senza mai cedere alla volgarit\u00e0. Un<strong> effetto \u201cvedo non vedo\u201d<\/strong> sublimato da un ricamo floreale <strong>effetto pattern<\/strong> in un fiorire di petali e pistilli. Realizzato in morbido <strong>pizzo organza elasticizzato<\/strong>, con scollo rotondo e chiusura al cavallo con bottoni a scomparsa, il <strong>body intimo a manica lunga Liz<\/strong> \u00e8 un intimo da indossare a vista nelle notti pi\u00f9 glamour e ricercate. Ideale anche come sottogiacca, il body Liz \u00e8 un prezioso alleato di bellezza: non solo mimetizza le imperfezioni, ma esalta la femminilit\u00e0 di ogni donna.<\/p>\n<p>Il <strong>body donna Liz a manica lunga e scollo tondo<\/strong> \u00e8 diponibile nelle taglie S, M, L in colore <strong>nero<\/strong>. Disponibile in colore <strong>avorio<\/strong> come accessorio sposa su richiesta scrivendo a <a href=\"mailto:info@folylingerie.com\">info@folylingerie.com<\/a><\/p>\n","protected":false},"excerpt":{"rendered":"<p><strong>Il lato sexy di un romantico body intimo <\/strong><\/p>\n<h4>Body in pizzo organza elasticizzato manica lunga con tassello in cotone e chiusura con bottoni a pressione.<\/h4>\n<p><strong>Materiali: : <\/strong> Viscosa 70% Poliamyde 20% Elastan 10%<br \/>\n<strong>Categoria: : <\/strong> lingerie donna, abbigliamento donna, lingerie sexy<\/p>\n","protected":false},"featured_media":8050,"comment_status":"open","ping_status":"closed","template":"","meta":{"footnotes":""},"product_brand":[157],"product_cat":[169],"product_tag":[],"class_list":{"0":"post-8062","1":"product","2":"type-product","3":"status-publish","4":"has-post-thumbnail","6":"product_brand-foly-lingerie","7":"product_cat-body","9":"first","10":"instock","11":"sale","12":"taxable","13":"shipping-taxable","14":"purchasable","15":"product-type-variable","16":"has-default-attributes"},"_links":{"self":[{"href":"https:\/\/www.folylingerie.com\/it\/wp-json\/wp\/v2\/product\/8062","targetHints":{"allow":["GET"]}}],"collection":[{"href":"https:\/\/www.folylingerie.com\/it\/wp-json\/wp\/v2\/product"}],"about":[{"href":"https:\/\/www.folylingerie.com\/it\/wp-json\/wp\/v2\/types\/product"}],"replies":[{"embeddable":true,"href":"https:\/\/www.folylingerie.com\/it\/wp-json\/wp\/v2\/comments?post=8062"}],"version-history":[{"count":0,"href":"https:\/\/www.folylingerie.com\/it\/wp-json\/wp\/v2\/product\/8062\/revisions"}],"wp:featuredmedia":[{"embeddable":true,"href":"https:\/\/www.folylingerie.com\/it\/wp-json\/wp\/v2\/media\/8050"}],"wp:attachment":[{"href":"https:\/\/www.folylingerie.com\/it\/wp-json\/wp\/v2\/media?parent=8062"}],"wp:term":[{"taxonomy":"product_brand","embeddable":true,"href":"https:\/\/www.folylingerie.com\/it\/wp-json\/wp\/v2\/product_brand?post=8062"},{"taxonomy":"product_cat","embeddable":true,"href":"https:\/\/www.folylingerie.com\/it\/wp-json\/wp\/v2\/product_cat?post=8062"},{"taxonomy":"product_tag","embeddable":true,"href":"https:\/\/www.folylingerie.com\/it\/wp-json\/wp\/v2\/product_tag?post=8062"}],"curies":[{"name":"wp","href":"https:\/\/api.w.org\/{rel}","templated":true}]}}