{"id":17892,"date":"2025-06-18T14:47:59","date_gmt":"2025-06-18T12:47:59","guid":{"rendered":"https:\/\/www.folylingerie.com\/?post_type=product&#038;p=17892"},"modified":"2026-04-21T10:23:42","modified_gmt":"2026-04-21T08:23:42","slug":"trikini-intero-paillettes-glicine","status":"publish","type":"product","link":"https:\/\/www.folylingerie.com\/it\/trikini-intero-paillettes-glicine","title":{"rendered":"Trikini Intero Paillettes GLICINE"},"content":{"rendered":"<p>Realizzato interamente in Italia, questo trikini rappresenta un nuovo standard di qualit\u00e0 nel beachwear. Tessuti selezionati, paillettes durevoli e una costruzione studiata nei minimi dettagli per garantire comfort e vestibilit\u00e0 ottimale. Ogni elemento \u00e8 pensato per offrire un capo che non solo si vede, ma si percepisce nella sua qualit\u00e0.<\/p>\n","protected":false},"excerpt":{"rendered":"<p data-start=\"3802\" data-end=\"3881\">Paillettes di alta qualit\u00e0 e costruzione italiana per un fit perfetto.<\/p>\n<p data-start=\"3883\" data-end=\"3958\">\n","protected":false},"featured_media":17898,"comment_status":"open","ping_status":"closed","template":"","meta":{"footnotes":""},"product_brand":[],"product_cat":[225,15],"product_tag":[],"class_list":{"0":"post-17892","1":"product","2":"type-product","3":"status-publish","4":"has-post-thumbnail","6":"product_cat-beachwear","7":"product_cat-senza-categoria","9":"first","10":"instock","11":"sale","12":"featured","13":"taxable","14":"shipping-taxable","15":"purchasable","16":"product-type-variable","17":"has-default-attributes"},"_links":{"self":[{"href":"https:\/\/www.folylingerie.com\/it\/wp-json\/wp\/v2\/product\/17892","targetHints":{"allow":["GET"]}}],"collection":[{"href":"https:\/\/www.folylingerie.com\/it\/wp-json\/wp\/v2\/product"}],"about":[{"href":"https:\/\/www.folylingerie.com\/it\/wp-json\/wp\/v2\/types\/product"}],"replies":[{"embeddable":true,"href":"https:\/\/www.folylingerie.com\/it\/wp-json\/wp\/v2\/comments?post=17892"}],"version-history":[{"count":1,"href":"https:\/\/www.folylingerie.com\/it\/wp-json\/wp\/v2\/product\/17892\/revisions"}],"predecessor-version":[{"id":19576,"href":"https:\/\/www.folylingerie.com\/it\/wp-json\/wp\/v2\/product\/17892\/revisions\/19576"}],"wp:featuredmedia":[{"embeddable":true,"href":"https:\/\/www.folylingerie.com\/it\/wp-json\/wp\/v2\/media\/17898"}],"wp:attachment":[{"href":"https:\/\/www.folylingerie.com\/it\/wp-json\/wp\/v2\/media?parent=17892"}],"wp:term":[{"taxonomy":"product_brand","embeddable":true,"href":"https:\/\/www.folylingerie.com\/it\/wp-json\/wp\/v2\/product_brand?post=17892"},{"taxonomy":"product_cat","embeddable":true,"href":"https:\/\/www.folylingerie.com\/it\/wp-json\/wp\/v2\/product_cat?post=17892"},{"taxonomy":"product_tag","embeddable":true,"href":"https:\/\/www.folylingerie.com\/it\/wp-json\/wp\/v2\/product_tag?post=17892"}],"curies":[{"name":"wp","href":"https:\/\/api.w.org\/{rel}","templated":true}]}}