{"id":17804,"date":"2025-06-18T14:04:04","date_gmt":"2025-06-18T12:04:04","guid":{"rendered":"https:\/\/www.folylingerie.com\/?post_type=product&#038;p=17804"},"modified":"2026-04-21T10:10:36","modified_gmt":"2026-04-21T08:10:36","slug":"bikini-fascia-paillettes-oro","status":"publish","type":"product","link":"https:\/\/www.folylingerie.com\/it\/bikini-fascia-paillettes-oro","title":{"rendered":"Bikini Fascia Paillettes ORO"},"content":{"rendered":"<p>Linee essenziali e materiali premium definiscono questo bikini fascia Made in Italy. Le paillettes aggiungono luce e carattere, mentre la costruzione interna offre un sostegno discreto ma efficace. La vestibilit\u00e0 \u00e8 studiata per adattarsi al corpo senza segnare, garantendo comfort e stabilit\u00e0 anche nei movimenti.<\/p>\n","protected":false},"excerpt":{"rendered":"<p data-start=\"3592\" data-end=\"3672\">Elegante, luminoso e progettato per restare perfettamente in posizione.<\/p>\n<p data-start=\"3674\" data-end=\"3748\">\n","protected":false},"featured_media":17816,"comment_status":"open","ping_status":"closed","template":"","meta":{"footnotes":""},"product_brand":[],"product_cat":[225,15],"product_tag":[],"class_list":{"0":"post-17804","1":"product","2":"type-product","3":"status-publish","4":"has-post-thumbnail","6":"product_cat-beachwear","7":"product_cat-senza-categoria","9":"first","10":"instock","11":"sale","12":"taxable","13":"shipping-taxable","14":"purchasable","15":"product-type-variable","16":"has-default-attributes"},"_links":{"self":[{"href":"https:\/\/www.folylingerie.com\/it\/wp-json\/wp\/v2\/product\/17804","targetHints":{"allow":["GET"]}}],"collection":[{"href":"https:\/\/www.folylingerie.com\/it\/wp-json\/wp\/v2\/product"}],"about":[{"href":"https:\/\/www.folylingerie.com\/it\/wp-json\/wp\/v2\/types\/product"}],"replies":[{"embeddable":true,"href":"https:\/\/www.folylingerie.com\/it\/wp-json\/wp\/v2\/comments?post=17804"}],"version-history":[{"count":1,"href":"https:\/\/www.folylingerie.com\/it\/wp-json\/wp\/v2\/product\/17804\/revisions"}],"predecessor-version":[{"id":19584,"href":"https:\/\/www.folylingerie.com\/it\/wp-json\/wp\/v2\/product\/17804\/revisions\/19584"}],"wp:featuredmedia":[{"embeddable":true,"href":"https:\/\/www.folylingerie.com\/it\/wp-json\/wp\/v2\/media\/17816"}],"wp:attachment":[{"href":"https:\/\/www.folylingerie.com\/it\/wp-json\/wp\/v2\/media?parent=17804"}],"wp:term":[{"taxonomy":"product_brand","embeddable":true,"href":"https:\/\/www.folylingerie.com\/it\/wp-json\/wp\/v2\/product_brand?post=17804"},{"taxonomy":"product_cat","embeddable":true,"href":"https:\/\/www.folylingerie.com\/it\/wp-json\/wp\/v2\/product_cat?post=17804"},{"taxonomy":"product_tag","embeddable":true,"href":"https:\/\/www.folylingerie.com\/it\/wp-json\/wp\/v2\/product_tag?post=17804"}],"curies":[{"name":"wp","href":"https:\/\/api.w.org\/{rel}","templated":true}]}}