{"id":17790,"date":"2025-06-18T13:58:31","date_gmt":"2025-06-18T11:58:31","guid":{"rendered":"https:\/\/www.folylingerie.com\/?post_type=product&#038;p=17790"},"modified":"2026-04-21T10:11:34","modified_gmt":"2026-04-21T08:11:34","slug":"bikini-fascia-paillettes-glicine","status":"publish","type":"product","link":"https:\/\/www.folylingerie.com\/it\/bikini-fascia-paillettes-glicine","title":{"rendered":"Bikini Fascia Paillettes GLICINE"},"content":{"rendered":"<p data-start=\"1680\" data-end=\"2008\">Un bikini fascia che combina eleganza e ingegneria del fit. Le paillettes di alta gamma mantengono integrit\u00e0 e brillantezza, mentre la struttura interna rinforzata permette una vestibilit\u00e0 sicura e naturale. La fodera interna migliora il comfort e la resa sul corpo, per un capo che unisce estetica e qualit\u00e0 tangibile.<\/p>\n","protected":false},"excerpt":{"rendered":"<p data-start=\"3674\" data-end=\"3748\">Paillettes di qualit\u00e0 e sostegno naturale per un fit impeccabile.<\/p>\n<p data-start=\"3750\" data-end=\"3826\">\n","protected":false},"featured_media":17802,"comment_status":"open","ping_status":"closed","template":"","meta":{"footnotes":""},"product_brand":[],"product_cat":[225,15],"product_tag":[],"class_list":{"0":"post-17790","1":"product","2":"type-product","3":"status-publish","4":"has-post-thumbnail","6":"product_cat-beachwear","7":"product_cat-senza-categoria","9":"first","10":"instock","11":"sale","12":"taxable","13":"shipping-taxable","14":"purchasable","15":"product-type-variable","16":"has-default-attributes"},"_links":{"self":[{"href":"https:\/\/www.folylingerie.com\/it\/wp-json\/wp\/v2\/product\/17790","targetHints":{"allow":["GET"]}}],"collection":[{"href":"https:\/\/www.folylingerie.com\/it\/wp-json\/wp\/v2\/product"}],"about":[{"href":"https:\/\/www.folylingerie.com\/it\/wp-json\/wp\/v2\/types\/product"}],"replies":[{"embeddable":true,"href":"https:\/\/www.folylingerie.com\/it\/wp-json\/wp\/v2\/comments?post=17790"}],"version-history":[{"count":1,"href":"https:\/\/www.folylingerie.com\/it\/wp-json\/wp\/v2\/product\/17790\/revisions"}],"predecessor-version":[{"id":19585,"href":"https:\/\/www.folylingerie.com\/it\/wp-json\/wp\/v2\/product\/17790\/revisions\/19585"}],"wp:featuredmedia":[{"embeddable":true,"href":"https:\/\/www.folylingerie.com\/it\/wp-json\/wp\/v2\/media\/17802"}],"wp:attachment":[{"href":"https:\/\/www.folylingerie.com\/it\/wp-json\/wp\/v2\/media?parent=17790"}],"wp:term":[{"taxonomy":"product_brand","embeddable":true,"href":"https:\/\/www.folylingerie.com\/it\/wp-json\/wp\/v2\/product_brand?post=17790"},{"taxonomy":"product_cat","embeddable":true,"href":"https:\/\/www.folylingerie.com\/it\/wp-json\/wp\/v2\/product_cat?post=17790"},{"taxonomy":"product_tag","embeddable":true,"href":"https:\/\/www.folylingerie.com\/it\/wp-json\/wp\/v2\/product_tag?post=17790"}],"curies":[{"name":"wp","href":"https:\/\/api.w.org\/{rel}","templated":true}]}}