{"id":17776,"date":"2025-06-18T13:53:17","date_gmt":"2025-06-18T11:53:17","guid":{"rendered":"https:\/\/www.folylingerie.com\/?post_type=product&#038;p=17776"},"modified":"2026-04-21T10:24:04","modified_gmt":"2026-04-21T08:24:04","slug":"bikini-fascia-paillettes-fuxia","status":"publish","type":"product","link":"https:\/\/www.folylingerie.com\/it\/bikini-fascia-paillettes-fuxia","title":{"rendered":"Bikini Fascia Paillettes FUXIA"},"content":{"rendered":"<p data-start=\"2015\" data-end=\"2347\">Progettato e realizzato in Italia, questo bikini fascia \u00e8 costruito per offrire una vestibilit\u00e0 precisa e affidabile. Le paillettes sono selezionate per resistere a sole, acqua e utilizzo continuo, mentre la fascia \u00e8 strutturata per sostenere e modellare il d\u00e9collet\u00e9 con naturalezza. Comfort e stabilit\u00e0 senza compromessi.<\/p>\n","protected":false},"excerpt":{"rendered":"<p>Comfort foderato e struttura studiata per valorizzare il d\u00e9collet\u00e9.<\/p>\n","protected":false},"featured_media":17788,"comment_status":"open","ping_status":"closed","template":"","meta":{"footnotes":""},"product_brand":[],"product_cat":[225,15],"product_tag":[],"class_list":{"0":"post-17776","1":"product","2":"type-product","3":"status-publish","4":"has-post-thumbnail","6":"product_cat-beachwear","7":"product_cat-senza-categoria","9":"first","10":"instock","11":"sale","12":"featured","13":"taxable","14":"shipping-taxable","15":"purchasable","16":"product-type-variable","17":"has-default-attributes"},"_links":{"self":[{"href":"https:\/\/www.folylingerie.com\/it\/wp-json\/wp\/v2\/product\/17776","targetHints":{"allow":["GET"]}}],"collection":[{"href":"https:\/\/www.folylingerie.com\/it\/wp-json\/wp\/v2\/product"}],"about":[{"href":"https:\/\/www.folylingerie.com\/it\/wp-json\/wp\/v2\/types\/product"}],"replies":[{"embeddable":true,"href":"https:\/\/www.folylingerie.com\/it\/wp-json\/wp\/v2\/comments?post=17776"}],"version-history":[{"count":1,"href":"https:\/\/www.folylingerie.com\/it\/wp-json\/wp\/v2\/product\/17776\/revisions"}],"predecessor-version":[{"id":19586,"href":"https:\/\/www.folylingerie.com\/it\/wp-json\/wp\/v2\/product\/17776\/revisions\/19586"}],"wp:featuredmedia":[{"embeddable":true,"href":"https:\/\/www.folylingerie.com\/it\/wp-json\/wp\/v2\/media\/17788"}],"wp:attachment":[{"href":"https:\/\/www.folylingerie.com\/it\/wp-json\/wp\/v2\/media?parent=17776"}],"wp:term":[{"taxonomy":"product_brand","embeddable":true,"href":"https:\/\/www.folylingerie.com\/it\/wp-json\/wp\/v2\/product_brand?post=17776"},{"taxonomy":"product_cat","embeddable":true,"href":"https:\/\/www.folylingerie.com\/it\/wp-json\/wp\/v2\/product_cat?post=17776"},{"taxonomy":"product_tag","embeddable":true,"href":"https:\/\/www.folylingerie.com\/it\/wp-json\/wp\/v2\/product_tag?post=17776"}],"curies":[{"name":"wp","href":"https:\/\/api.w.org\/{rel}","templated":true}]}}