{"id":17748,"date":"2025-06-18T12:05:18","date_gmt":"2025-06-18T10:05:18","guid":{"rendered":"https:\/\/www.folylingerie.com\/?post_type=product&#038;p=17748"},"modified":"2026-04-21T10:14:15","modified_gmt":"2026-04-21T08:14:15","slug":"bikini-fascia-paillettes-arancio","status":"publish","type":"product","link":"https:\/\/www.folylingerie.com\/it\/bikini-fascia-paillettes-arancio","title":{"rendered":"Bikini Fascia Paillettes ARANCIO"},"content":{"rendered":"<p>Un capo che esprime la qualit\u00e0 del vero Made in Italy: bikini fascia con paillettes resistenti e tessuto interno foderato per una vestibilit\u00e0 impeccabile. La costruzione \u00e8 pensata per offrire sostegno senza rigidit\u00e0, seguendo le forme del corpo e garantendo comfort anche nelle giornate pi\u00f9 lunghe.<\/p>\n","protected":false},"excerpt":{"rendered":"<p>Fascia strutturata, qualit\u00e0 italiana e resistenza nel tempo.<\/p>\n","protected":false},"featured_media":17760,"comment_status":"open","ping_status":"closed","template":"","meta":{"footnotes":""},"product_brand":[],"product_cat":[225,15],"product_tag":[],"class_list":{"0":"post-17748","1":"product","2":"type-product","3":"status-publish","4":"has-post-thumbnail","6":"product_cat-beachwear","7":"product_cat-senza-categoria","9":"first","10":"instock","11":"sale","12":"taxable","13":"shipping-taxable","14":"purchasable","15":"product-type-variable","16":"has-default-attributes"},"_links":{"self":[{"href":"https:\/\/www.folylingerie.com\/it\/wp-json\/wp\/v2\/product\/17748","targetHints":{"allow":["GET"]}}],"collection":[{"href":"https:\/\/www.folylingerie.com\/it\/wp-json\/wp\/v2\/product"}],"about":[{"href":"https:\/\/www.folylingerie.com\/it\/wp-json\/wp\/v2\/types\/product"}],"replies":[{"embeddable":true,"href":"https:\/\/www.folylingerie.com\/it\/wp-json\/wp\/v2\/comments?post=17748"}],"version-history":[{"count":1,"href":"https:\/\/www.folylingerie.com\/it\/wp-json\/wp\/v2\/product\/17748\/revisions"}],"predecessor-version":[{"id":19588,"href":"https:\/\/www.folylingerie.com\/it\/wp-json\/wp\/v2\/product\/17748\/revisions\/19588"}],"wp:featuredmedia":[{"embeddable":true,"href":"https:\/\/www.folylingerie.com\/it\/wp-json\/wp\/v2\/media\/17760"}],"wp:attachment":[{"href":"https:\/\/www.folylingerie.com\/it\/wp-json\/wp\/v2\/media?parent=17748"}],"wp:term":[{"taxonomy":"product_brand","embeddable":true,"href":"https:\/\/www.folylingerie.com\/it\/wp-json\/wp\/v2\/product_brand?post=17748"},{"taxonomy":"product_cat","embeddable":true,"href":"https:\/\/www.folylingerie.com\/it\/wp-json\/wp\/v2\/product_cat?post=17748"},{"taxonomy":"product_tag","embeddable":true,"href":"https:\/\/www.folylingerie.com\/it\/wp-json\/wp\/v2\/product_tag?post=17748"}],"curies":[{"name":"wp","href":"https:\/\/api.w.org\/{rel}","templated":true}]}}