{"id":17539,"date":"2025-05-21T10:51:41","date_gmt":"2025-05-21T08:51:41","guid":{"rendered":"https:\/\/www.folylingerie.com\/?post_type=product&#038;p=17539"},"modified":"2025-11-29T13:47:54","modified_gmt":"2025-11-29T12:47:54","slug":"intimateline-lubrificante-sensilight-a-base-acqua-aquagel-150-ml","status":"publish","type":"product","link":"https:\/\/www.folylingerie.com\/it\/intimateline-lubrificante-sensilight-a-base-acqua-aquagel-150-ml","title":{"rendered":"LUBRIFICANTE A BASE ACQUA AQUAGEL 150 ML"},"content":{"rendered":"<p data-start=\"179\" data-end=\"565\">Sensilight Aquagel \u00e8 un lubrificante intimo a base d\u2019acqua studiato per garantire idratazione e lubrificazione ottimali della zona vaginale prima e durante il rapporto sessuale. La sua formula priva di grassi \u00e8 arricchita con principi attivi naturali, appositamente selezionati per ridurre il disagio e prevenire bruciore o irritazioni che possono derivare da stimolazioni prolungate.<\/p>\n<p data-start=\"567\" data-end=\"836\">Grazie alla sua composizione solubile in acqua, il prodotto \u00e8 facilmente risciacquabile e sicuro da utilizzare in abbinamento a preservativi in lattice. Sensilight Aquagel \u00e8 dermatologicamente testato, garantendo compatibilit\u00e0 con la pelle delicata delle zone intime.<\/p>\n<p data-start=\"838\" data-end=\"871\"><strong data-start=\"838\" data-end=\"869\">Caratteristiche principali:<\/strong><\/p>\n<ul data-start=\"872\" data-end=\"1121\">\n<li data-start=\"872\" data-end=\"920\">\n<p data-start=\"874\" data-end=\"920\">Lubrificante a base d\u2019acqua, privo di grassi<\/p>\n<\/li>\n<li data-start=\"921\" data-end=\"960\">\n<p data-start=\"923\" data-end=\"960\">Idrata e lubrifica la zona vaginale<\/p>\n<\/li>\n<li data-start=\"961\" data-end=\"996\">\n<p data-start=\"963\" data-end=\"996\">Previene irritazioni e bruciore<\/p>\n<\/li>\n<li data-start=\"997\" data-end=\"1046\">\n<p data-start=\"999\" data-end=\"1046\">Solubile in acqua e facilmente risciacquabile<\/p>\n<\/li>\n<li data-start=\"1047\" data-end=\"1090\">\n<p data-start=\"1049\" data-end=\"1090\">Compatibile con preservativi in lattice<\/p>\n<\/li>\n<li data-start=\"1091\" data-end=\"1121\">\n<p data-start=\"1093\" data-end=\"1121\">Dermatologicamente testato<\/p>\n<\/li>\n<\/ul>\n","protected":false},"excerpt":{"rendered":"<p>Lubrificante intimo a base d\u2019acqua, privo di grassi, studiato per idratare e lubrificare la zona vaginale, prevenendo bruciore e irritazioni. Solubile in acqua, compatibile con preservativi in lattice e dermatologicamente testato.<\/p>\n","protected":false},"featured_media":17540,"comment_status":"open","ping_status":"closed","template":"","meta":{"footnotes":""},"product_brand":[],"product_cat":[167,312],"product_tag":[],"class_list":{"0":"post-17539","1":"product","2":"type-product","3":"status-publish","4":"has-post-thumbnail","6":"product_cat-accessori-cat","7":"product_cat-kit-massaggio","9":"first","10":"instock","11":"taxable","12":"shipping-taxable","13":"purchasable","14":"product-type-simple"},"_links":{"self":[{"href":"https:\/\/www.folylingerie.com\/it\/wp-json\/wp\/v2\/product\/17539","targetHints":{"allow":["GET"]}}],"collection":[{"href":"https:\/\/www.folylingerie.com\/it\/wp-json\/wp\/v2\/product"}],"about":[{"href":"https:\/\/www.folylingerie.com\/it\/wp-json\/wp\/v2\/types\/product"}],"replies":[{"embeddable":true,"href":"https:\/\/www.folylingerie.com\/it\/wp-json\/wp\/v2\/comments?post=17539"}],"version-history":[{"count":0,"href":"https:\/\/www.folylingerie.com\/it\/wp-json\/wp\/v2\/product\/17539\/revisions"}],"wp:featuredmedia":[{"embeddable":true,"href":"https:\/\/www.folylingerie.com\/it\/wp-json\/wp\/v2\/media\/17540"}],"wp:attachment":[{"href":"https:\/\/www.folylingerie.com\/it\/wp-json\/wp\/v2\/media?parent=17539"}],"wp:term":[{"taxonomy":"product_brand","embeddable":true,"href":"https:\/\/www.folylingerie.com\/it\/wp-json\/wp\/v2\/product_brand?post=17539"},{"taxonomy":"product_cat","embeddable":true,"href":"https:\/\/www.folylingerie.com\/it\/wp-json\/wp\/v2\/product_cat?post=17539"},{"taxonomy":"product_tag","embeddable":true,"href":"https:\/\/www.folylingerie.com\/it\/wp-json\/wp\/v2\/product_tag?post=17539"}],"curies":[{"name":"wp","href":"https:\/\/api.w.org\/{rel}","templated":true}]}}