{"id":17498,"date":"2025-05-21T10:27:13","date_gmt":"2025-05-21T08:27:13","guid":{"rendered":"https:\/\/www.folylingerie.com\/?post_type=product&#038;p=17498"},"modified":"2026-02-04T10:21:34","modified_gmt":"2026-02-04T09:21:34","slug":"blacksilver-duckymania-ditale-ricaricabile-stimolante-danatra-in-silicone","status":"publish","type":"product","link":"https:\/\/www.folylingerie.com\/it\/blacksilver-duckymania-ditale-ricaricabile-stimolante-danatra-in-silicone","title":{"rendered":"DITALE RICARICABILE STIMOLANTE D&#8217;ANATRA IN SILICONE"},"content":{"rendered":"<p data-start=\"222\" data-end=\"248\"><strong data-start=\"222\" data-end=\"246\">Black &amp; Silver Ducky<\/strong><\/p>\n<p data-start=\"250\" data-end=\"630\">Ducky \u00e8 un piccolo e potente stimolatore personale, progettato per offrire piacere in qualsiasi momento e ovunque tu voglia, discreto e facile da portare in borsa. Grazie al morbido rivestimento in silicone vellutato, delicato sulla pelle, Ducky pu\u00f2 essere utilizzato sul clitoride o sul pene del partner, massaggiando le zone erogene esterne con vibrazioni precise e piacevoli.<\/p>\n<p data-start=\"632\" data-end=\"871\">Il dispositivo dispone di un motore potente con 8 modalit\u00e0 di vibrazione e 3 livelli di intensit\u00e0, da dolce a forte, con differenti pattern pulsanti. \u00c8 completamente impermeabile, permettendo l\u2019uso sotto la doccia o nella vasca da bagno.<\/p>\n<p data-start=\"873\" data-end=\"1157\">Realizzato in Germania, Ducky \u00e8 silenzioso (meno di 50 dB), sicuro per il corpo grazie al silicone medico anallergico, privo di ftalati e ricaricabile con batteria ai polimeri di litio, rispettosa dell\u2019ambiente. Facile da pulire con detergente specifico o con acqua e sapone neutro.<\/p>\n<p data-start=\"1159\" data-end=\"1183\"><strong data-start=\"1159\" data-end=\"1181\">Dimensioni e peso:<\/strong><\/p>\n<ul data-start=\"1184\" data-end=\"1263\">\n<li data-start=\"1184\" data-end=\"1205\">\n<p data-start=\"1186\" data-end=\"1205\">Lunghezza: 4,5 cm<\/p>\n<\/li>\n<li data-start=\"1206\" data-end=\"1227\">\n<p data-start=\"1208\" data-end=\"1227\">Larghezza: 4,1 cm<\/p>\n<\/li>\n<li data-start=\"1228\" data-end=\"1248\">\n<p data-start=\"1230\" data-end=\"1248\">Spessore: 2,0 cm<\/p>\n<\/li>\n<li data-start=\"1249\" data-end=\"1263\">\n<p data-start=\"1251\" data-end=\"1263\">Peso: 16 g<\/p>\n<\/li>\n<\/ul>\n<p data-start=\"1265\" data-end=\"1298\"><strong data-start=\"1265\" data-end=\"1296\">Caratteristiche principali:<\/strong><\/p>\n<ul data-start=\"1299\" data-end=\"1575\">\n<li data-start=\"1299\" data-end=\"1375\">\n<p data-start=\"1301\" data-end=\"1375\">Stimolazione mirata di zone erogene esterne tramite contatto e massaggio<\/p>\n<\/li>\n<li data-start=\"1376\" data-end=\"1412\">\n<p data-start=\"1378\" data-end=\"1412\">Motore potente a bassa frequenza<\/p>\n<\/li>\n<li data-start=\"1413\" data-end=\"1450\">\n<p data-start=\"1415\" data-end=\"1450\">Silicone morbido, setoso e sicuro<\/p>\n<\/li>\n<li data-start=\"1451\" data-end=\"1504\">\n<p data-start=\"1453\" data-end=\"1504\">8 modalit\u00e0 di vibrazione + 3 intensit\u00e0 regolabili<\/p>\n<\/li>\n<li data-start=\"1505\" data-end=\"1526\">\n<p data-start=\"1507\" data-end=\"1526\">100% impermeabile<\/p>\n<\/li>\n<li data-start=\"1527\" data-end=\"1550\">\n<p data-start=\"1529\" data-end=\"1550\">Silenzioso (&lt;50 dB)<\/p>\n<\/li>\n<li data-start=\"1551\" data-end=\"1575\">\n<p data-start=\"1553\" data-end=\"1575\">Ricaricabile con USB<\/p>\n<\/li>\n<\/ul>\n<p data-start=\"1577\" data-end=\"1610\"><strong data-start=\"1577\" data-end=\"1608\">Contenuto della confezione:<\/strong><\/p>\n<ul data-start=\"1611\" data-end=\"1688\">\n<li data-start=\"1611\" data-end=\"1632\">\n<p data-start=\"1613\" data-end=\"1632\">Stimolatore Ducky<\/p>\n<\/li>\n<li data-start=\"1633\" data-end=\"1661\">\n<p data-start=\"1635\" data-end=\"1661\">Cavo USB per la ricarica<\/p>\n<\/li>\n<li data-start=\"1662\" data-end=\"1688\">\n<p data-start=\"1664\" data-end=\"1688\">Istruzioni multilingue<\/p>\n<\/li>\n<\/ul>\n<p data-start=\"1690\" data-end=\"1811\"><strong data-start=\"1690\" data-end=\"1699\">Nota:<\/strong> La vendita \u00e8 autorizzata esclusivamente presso punti vendita fisici; la commercializzazione online \u00e8 vietata.<\/p>\n","protected":false},"excerpt":{"rendered":"<p>Stimolatore personale compatto e potente, con rivestimento in silicone vellutato sicuro per il corpo. Dispone di 8 modalit\u00e0 di vibrazione e 3 intensit\u00e0 regolabili, completamente impermeabile e silenzioso (&lt;50 dB). Ricaricabile via USB, facile da pulire e leggero (16 g).<\/p>\n","protected":false},"featured_media":19203,"comment_status":"open","ping_status":"closed","template":"","meta":{"footnotes":""},"product_brand":[],"product_cat":[312,167],"product_tag":[],"class_list":{"0":"post-17498","1":"product","2":"type-product","3":"status-publish","4":"has-post-thumbnail","6":"product_cat-kit-massaggio","7":"product_cat-accessori-cat","9":"first","10":"instock","11":"taxable","12":"shipping-taxable","13":"purchasable","14":"product-type-simple"},"_links":{"self":[{"href":"https:\/\/www.folylingerie.com\/it\/wp-json\/wp\/v2\/product\/17498","targetHints":{"allow":["GET"]}}],"collection":[{"href":"https:\/\/www.folylingerie.com\/it\/wp-json\/wp\/v2\/product"}],"about":[{"href":"https:\/\/www.folylingerie.com\/it\/wp-json\/wp\/v2\/types\/product"}],"replies":[{"embeddable":true,"href":"https:\/\/www.folylingerie.com\/it\/wp-json\/wp\/v2\/comments?post=17498"}],"version-history":[{"count":0,"href":"https:\/\/www.folylingerie.com\/it\/wp-json\/wp\/v2\/product\/17498\/revisions"}],"wp:featuredmedia":[{"embeddable":true,"href":"https:\/\/www.folylingerie.com\/it\/wp-json\/wp\/v2\/media\/19203"}],"wp:attachment":[{"href":"https:\/\/www.folylingerie.com\/it\/wp-json\/wp\/v2\/media?parent=17498"}],"wp:term":[{"taxonomy":"product_brand","embeddable":true,"href":"https:\/\/www.folylingerie.com\/it\/wp-json\/wp\/v2\/product_brand?post=17498"},{"taxonomy":"product_cat","embeddable":true,"href":"https:\/\/www.folylingerie.com\/it\/wp-json\/wp\/v2\/product_cat?post=17498"},{"taxonomy":"product_tag","embeddable":true,"href":"https:\/\/www.folylingerie.com\/it\/wp-json\/wp\/v2\/product_tag?post=17498"}],"curies":[{"name":"wp","href":"https:\/\/api.w.org\/{rel}","templated":true}]}}