{"id":16797,"date":"2025-02-03T07:56:13","date_gmt":"2025-02-03T06:56:13","guid":{"rendered":"https:\/\/www.folylingerie.com\/?post_type=product&#038;p=16797"},"modified":"2025-11-29T13:48:35","modified_gmt":"2025-11-29T12:48:35","slug":"swede-fruity-love-heat-effect-olio-fragole-con-champagne-60-ml","status":"publish","type":"product","link":"https:\/\/www.folylingerie.com\/it\/swede-fruity-love-heat-effect-olio-fragole-con-champagne-60-ml","title":{"rendered":"FRUITY LOVE HEAT EFFECT OLIO FRAGOLE CON CHAMPAGNE 60 ML"},"content":{"rendered":"<p data-start=\"79\" data-end=\"420\">\u2019olio da massaggio ideale per chi cerca un perfetto equilibrio tra lubrificazione delicata e duratura e un leggero attrito che non affatica i muscoli. La sua formula consente di vivere un massaggio lento, sensuale e profondamente rilassante, trasformando ogni momento in un\u2019esperienza di piacere e benessere.<\/p>\n<p data-start=\"422\" data-end=\"908\">La base di questo olio da massaggio \u00e8 lussuosa e professionale, studiata per offrire la massima efficacia. Contiene oli vegetali esclusivi come Jojoba, Macadamia Nut e Olio di semi di canapa, noti per le loro propriet\u00e0 nutrienti e idratanti. Il silicone puro assicura una lubrificazione intensa e una piacevole sensazione di pelle setosa, mentre ingredienti aggiuntivi come aloe vera e vitamina E potenziano la capacit\u00e0 dell\u2019olio di nutrire e rigenerare la pelle durante il massaggio.<\/p>\n<p data-start=\"910\" data-end=\"1331\">Per un\u2019esperienza ancora pi\u00f9 completa, la formula \u00e8 arricchita con una miscela di oli essenziali puri, molti dei quali conosciuti per le loro propriet\u00e0 afrodisiache e per i benefici che esercitano sul corpo e sulla mente. L\u2019elevata viscosit\u00e0 dell\u2019olio, superiore a quella dei prodotti tradizionali, consente una manipolazione pi\u00f9 semplice e un massaggio pi\u00f9 lento, riducendo lo sforzo muscolare e aumentando il piacere.<\/p>\n<p data-start=\"1333\" data-end=\"1366\"><strong data-start=\"1333\" data-end=\"1364\">Caratteristiche principali:<\/strong><\/p>\n<ul data-start=\"1367\" data-end=\"1653\">\n<li data-start=\"1367\" data-end=\"1424\">\n<p data-start=\"1369\" data-end=\"1424\">Fragole allo Champagne per un aroma goloso e sensuale<\/p>\n<\/li>\n<li data-start=\"1425\" data-end=\"1466\">\n<p data-start=\"1427\" data-end=\"1466\">Piacevole effetto termico sulla pelle<\/p>\n<\/li>\n<li data-start=\"1467\" data-end=\"1544\">\n<p data-start=\"1469\" data-end=\"1544\">Applicatore a dosaggio controllato per un utilizzo sicuro e senza sprechi<\/p>\n<\/li>\n<li data-start=\"1545\" data-end=\"1586\">\n<p data-start=\"1547\" data-end=\"1586\">Arricchito con Aloe Vera e Vitamina E<\/p>\n<\/li>\n<li data-start=\"1587\" data-end=\"1628\">\n<p data-start=\"1589\" data-end=\"1628\">Olio da massaggio ad alte prestazioni<\/p>\n<\/li>\n<li data-start=\"1629\" data-end=\"1653\">\n<p data-start=\"1631\" data-end=\"1653\">Contenitore da 60 ml<\/p>\n<\/li>\n<\/ul>\n<p data-start=\"1655\" data-end=\"1799\">Fruity Love Massage Oil \u00e8 la scelta perfetta per chi desidera combinare piacere, relax e cura della pelle in un solo prodotto di alta qualit\u00e0.<\/p>\n","protected":false},"excerpt":{"rendered":"<p>Olio da massaggio sensuale e nutriente con fragole allo champagne. Base di oli vegetali (Jojoba, Macadamia, Canapa) e silicone puro per lubrificazione duratura e pelle setosa. Arricchito con aloe vera, vitamina E e oli essenziali afrodisiaci. Effetto termico piacevole, applicatore a dosaggio controllato. Contenuto: 60 ml.<\/p>\n","protected":false},"featured_media":16798,"comment_status":"open","ping_status":"closed","template":"","meta":{"footnotes":""},"product_brand":[],"product_cat":[167,312],"product_tag":[],"class_list":{"0":"post-16797","1":"product","2":"type-product","3":"status-publish","4":"has-post-thumbnail","6":"product_cat-accessori-cat","7":"product_cat-kit-massaggio","9":"first","10":"outofstock","11":"taxable","12":"shipping-taxable","13":"purchasable","14":"product-type-simple"},"_links":{"self":[{"href":"https:\/\/www.folylingerie.com\/it\/wp-json\/wp\/v2\/product\/16797","targetHints":{"allow":["GET"]}}],"collection":[{"href":"https:\/\/www.folylingerie.com\/it\/wp-json\/wp\/v2\/product"}],"about":[{"href":"https:\/\/www.folylingerie.com\/it\/wp-json\/wp\/v2\/types\/product"}],"replies":[{"embeddable":true,"href":"https:\/\/www.folylingerie.com\/it\/wp-json\/wp\/v2\/comments?post=16797"}],"version-history":[{"count":0,"href":"https:\/\/www.folylingerie.com\/it\/wp-json\/wp\/v2\/product\/16797\/revisions"}],"wp:featuredmedia":[{"embeddable":true,"href":"https:\/\/www.folylingerie.com\/it\/wp-json\/wp\/v2\/media\/16798"}],"wp:attachment":[{"href":"https:\/\/www.folylingerie.com\/it\/wp-json\/wp\/v2\/media?parent=16797"}],"wp:term":[{"taxonomy":"product_brand","embeddable":true,"href":"https:\/\/www.folylingerie.com\/it\/wp-json\/wp\/v2\/product_brand?post=16797"},{"taxonomy":"product_cat","embeddable":true,"href":"https:\/\/www.folylingerie.com\/it\/wp-json\/wp\/v2\/product_cat?post=16797"},{"taxonomy":"product_tag","embeddable":true,"href":"https:\/\/www.folylingerie.com\/it\/wp-json\/wp\/v2\/product_tag?post=16797"}],"curies":[{"name":"wp","href":"https:\/\/api.w.org\/{rel}","templated":true}]}}