{"id":16568,"date":"2024-12-16T15:04:04","date_gmt":"2024-12-16T14:04:04","guid":{"rendered":"https:\/\/www.folylingerie.com\/?post_type=product&#038;p=16568"},"modified":"2025-11-20T11:39:32","modified_gmt":"2025-11-20T10:39:32","slug":"pherostrong-profumo-ai-feromoni-la-tua-scelta-per-donna-50-ml","status":"publish","type":"product","link":"https:\/\/www.folylingerie.com\/it\/pherostrong-profumo-ai-feromoni-la-tua-scelta-per-donna-50-ml","title":{"rendered":"PROFUMO AI FEROMONI LA TUA SCELTA PER DONNA 50 ML"},"content":{"rendered":"<p data-start=\"259\" data-end=\"335\"><strong data-start=\"259\" data-end=\"335\">Profumo ai feromoni da donna pensato per attirare l\u2019attenzione maschile.<\/strong><\/p>\n<p data-start=\"337\" data-end=\"606\">Ideato per donne decise e consapevoli, che desiderano esprimere la propria personalit\u00e0 e raffinatezza. Il feromone <em data-start=\"452\" data-end=\"487\">PheroStrong Your Choice for Women<\/em> celebra l\u2019energia femminile, la creativit\u00e0 e la determinazione che rimangono salde in un mondo in continua evoluzione.<\/p>\n<p data-start=\"608\" data-end=\"780\"><strong data-start=\"608\" data-end=\"632\">Carattere olfattivo:<\/strong> Fruttato, Floreale, Bois\u00e9<br data-start=\"658\" data-end=\"661\" \/><strong data-start=\"661\" data-end=\"682\">Note di apertura:<\/strong> mango, bergamotto<br data-start=\"700\" data-end=\"703\" \/><strong data-start=\"703\" data-end=\"721\">Note di cuore:<\/strong> gelsomino, incenso<br data-start=\"740\" data-end=\"743\" \/><strong data-start=\"743\" data-end=\"760\">Note di base:<\/strong> sandalo, vaniglia<\/p>\n<hr data-start=\"782\" data-end=\"785\" \/>\n<h3 data-start=\"787\" data-end=\"806\"><strong data-start=\"791\" data-end=\"806\">PHEROSTRONG<\/strong><\/h3>\n<p data-start=\"808\" data-end=\"1156\">Durante la creazione di <em data-start=\"832\" data-end=\"845\">PheroStrong<\/em>, il nostro team creativo ha voluto ottenere un risultato capace di rappresentare l\u2019essenza distintiva del brand. Ci siamo dedicati allo sviluppo della giusta combinazione di feromoni, unita a una concentrazione elevata di essenze pregiate e accuratamente selezionate, per soddisfare anche i gusti pi\u00f9 esigenti.<\/p>\n<p data-start=\"1158\" data-end=\"1322\">La nostra linea comprende un\u2019ampia selezione di prodotti: profumi, oli e concentrati di feromoni. Ognuno pu\u00f2 trovare ci\u00f2 che pi\u00f9 si adatta alla propria personalit\u00e0.<\/p>\n<p data-start=\"1324\" data-end=\"1397\">I nostri profumi sono apprezzati da creator e testimonial internazionali.<\/p>\n<p data-start=\"1399\" data-end=\"1533\">Con <em data-start=\"1403\" data-end=\"1416\">PheroStrong<\/em>, ogni incontro pu\u00f2 trasformarsi in un\u2019occasione speciale e ogni situazione pu\u00f2 diventare pi\u00f9 semplice da affrontare.<\/p>\n<p data-start=\"1535\" data-end=\"1664\">Comprendere come agiscono i feromoni uniti alla giusta struttura olfattiva e sapere come applicarli pu\u00f2 aprire nuove possibilit\u00e0.<\/p>\n<p data-start=\"1666\" data-end=\"1859\">Potrai notare come le tue interazioni quotidiane o professionali possano diventare pi\u00f9 spontanee, come sia pi\u00f9 facile affrontare prove importanti o creare nuove conoscenze nei contesti sociali.<\/p>\n<p data-start=\"1861\" data-end=\"2171\">Scopri se i feromoni presenti nelle fragranze <em data-start=\"1907\" data-end=\"1920\">PheroStrong<\/em> possono aiutarti a valorizzare il tuo fascino naturale, amplificare la tua sicurezza, migliorare i rapporti con chi ti circonda e favorire il tuo successo personale e professionale, permettendoti di vivere ogni giorno con maggior sicurezza e carisma.<\/p>\n","protected":false},"excerpt":{"rendered":"<p data-start=\"46\" data-end=\"286\"><strong data-start=\"46\" data-end=\"121\">Profumo ai feromoni da donna pensato per esaltare il fascino femminile.<\/strong><br data-start=\"121\" data-end=\"124\" \/>Creato per donne forti e sicure, <em data-start=\"157\" data-end=\"192\">PheroStrong Your Choice for Women<\/em> unisce eleganza, personalit\u00e0 e una miscela esclusiva di feromoni e fragranze di alta qualit\u00e0.<\/p>\n<p data-start=\"288\" data-end=\"409\"><strong data-start=\"288\" data-end=\"307\">Note olfattive:<\/strong><br data-start=\"307\" data-end=\"310\" \/>\u2022 <strong data-start=\"312\" data-end=\"322\">Testa:<\/strong> mango, bergamotto<br data-start=\"340\" data-end=\"343\" \/>\u2022 <strong data-start=\"345\" data-end=\"355\">Cuore:<\/strong> gelsomino, incenso<br data-start=\"374\" data-end=\"377\" \/>\u2022 <strong data-start=\"379\" data-end=\"389\">Fondo:<\/strong> sandalo, vaniglia<\/p>\n","protected":false},"featured_media":16569,"comment_status":"open","ping_status":"closed","template":"","meta":{"footnotes":""},"product_brand":[],"product_cat":[351],"product_tag":[],"class_list":{"0":"post-16568","1":"product","2":"type-product","3":"status-publish","4":"has-post-thumbnail","6":"product_cat-profumi-ai-feromoni","8":"first","9":"outofstock","10":"sale","11":"taxable","12":"shipping-taxable","13":"purchasable","14":"product-type-simple"},"_links":{"self":[{"href":"https:\/\/www.folylingerie.com\/it\/wp-json\/wp\/v2\/product\/16568","targetHints":{"allow":["GET"]}}],"collection":[{"href":"https:\/\/www.folylingerie.com\/it\/wp-json\/wp\/v2\/product"}],"about":[{"href":"https:\/\/www.folylingerie.com\/it\/wp-json\/wp\/v2\/types\/product"}],"replies":[{"embeddable":true,"href":"https:\/\/www.folylingerie.com\/it\/wp-json\/wp\/v2\/comments?post=16568"}],"version-history":[{"count":0,"href":"https:\/\/www.folylingerie.com\/it\/wp-json\/wp\/v2\/product\/16568\/revisions"}],"wp:featuredmedia":[{"embeddable":true,"href":"https:\/\/www.folylingerie.com\/it\/wp-json\/wp\/v2\/media\/16569"}],"wp:attachment":[{"href":"https:\/\/www.folylingerie.com\/it\/wp-json\/wp\/v2\/media?parent=16568"}],"wp:term":[{"taxonomy":"product_brand","embeddable":true,"href":"https:\/\/www.folylingerie.com\/it\/wp-json\/wp\/v2\/product_brand?post=16568"},{"taxonomy":"product_cat","embeddable":true,"href":"https:\/\/www.folylingerie.com\/it\/wp-json\/wp\/v2\/product_cat?post=16568"},{"taxonomy":"product_tag","embeddable":true,"href":"https:\/\/www.folylingerie.com\/it\/wp-json\/wp\/v2\/product_tag?post=16568"}],"curies":[{"name":"wp","href":"https:\/\/api.w.org\/{rel}","templated":true}]}}