{"id":11349,"date":"2024-01-24T14:44:06","date_gmt":"2024-01-24T13:44:06","guid":{"rendered":"https:\/\/www.folylingerie.com\/perizoma-gioiello-dafne-regolabile.html"},"modified":"2026-05-14T16:03:18","modified_gmt":"2026-05-14T14:03:18","slug":"perizoma-gioiello-dafne-regolabile","status":"publish","type":"product","link":"https:\/\/www.folylingerie.com\/it\/perizoma-gioiello-dafne-regolabile","title":{"rendered":"Perizoma Gioiello Dafne Regolabile"},"content":{"rendered":"<h2>PERIZOMA GIOIELLO dafne<\/h2>\n<p data-start=\"419\" data-end=\"475\">Eleganza che si nota\u2026 senza bisogno di esagerare.<\/p>\n<p data-start=\"477\" data-end=\"717\">Il perizoma gioiello Dafne \u00e8 pensato per chi ama la sensualit\u00e0 pi\u00f9 raffinata, fatta di dettagli preziosi e linee pulite.<br data-start=\"597\" data-end=\"600\" \/>Il gioiello centrale illumina il design e cattura lo sguardo con discrezione, valorizzando le forme in modo naturale.<\/p>\n<p data-start=\"719\" data-end=\"863\">Leggero, confortevole e studiato per adattarsi al corpo, esalta le curve senza costringere, regalando una sensazione di sicurezza e femminilit\u00e0.<\/p>\n<p data-start=\"865\" data-end=\"935\">\u2728 Un capo elegante, perfetto per sentirsi speciale in ogni occasione<\/p>\n<h4><strong>SEX TIPS<\/strong><\/h4>\n<p>Il <strong>perizoma gioiello Dafne<\/strong> \u00e8 un<strong> capo intimo<\/strong> comodo e facile da portare. Merito della sua forma e composizione. Ideato e prodotto in Italia in esclusiva da Foly Lingerie, il perizoma\u00a0 \u00e8 realizzato con la fibra LYCRA\u00ae BEAUTY ad effetto modellante che assicura alla silhouette una perfetta vestibilit\u00e0, comfort e libert\u00e0 di movimento. Il tessuto protegge dai raggi UV schermando la pelle dalle radiazioni fino al 97,5%. Per questo pu\u00f2 essere indossato a vista, sotto abiti in pizzo, tulle e trasparenti. Grazie alle stringhe regolabili \u00e8 possibile altres\u00ec aumentare la sgambatura e mostrare il dettaglio gioiello sopra jeans e gonne a vita bassa. <strong>Un intimo sexy per tutte le donne e tutte le taglie!<\/strong><\/p>\n","protected":false},"excerpt":{"rendered":"<p>Raffinato, luminoso e incredibilmente sensuale: un dettaglio gioiello che valorizza con eleganza \u2728<\/p>\n<p>Perizoma in microfibra con stringhe regolabili e bijou.<\/p>\n<p><strong>Materiali: <\/strong>Poliamyde 85% Elastan 15% &#8211; Bijou nikel-free.<\/p>\n<p>\ud83d\ude9a Consegna veloce 24h \ud83d\udce6 Pacco anonimo, massima discrezione \ud83c\udf81 Disponibile confezione regalo<\/p>\n","protected":false},"featured_media":19450,"comment_status":"open","ping_status":"closed","template":"","meta":{"footnotes":""},"product_brand":[157],"product_cat":[207],"product_tag":[],"class_list":{"0":"post-11349","1":"product","2":"type-product","3":"status-publish","4":"has-post-thumbnail","6":"product_brand-foly-lingerie","7":"product_cat-perizoma-gioiello","9":"first","10":"instock","11":"sale","12":"featured","13":"taxable","14":"shipping-taxable","15":"purchasable","16":"product-type-variable","17":"has-default-attributes"},"_links":{"self":[{"href":"https:\/\/www.folylingerie.com\/it\/wp-json\/wp\/v2\/product\/11349","targetHints":{"allow":["GET"]}}],"collection":[{"href":"https:\/\/www.folylingerie.com\/it\/wp-json\/wp\/v2\/product"}],"about":[{"href":"https:\/\/www.folylingerie.com\/it\/wp-json\/wp\/v2\/types\/product"}],"replies":[{"embeddable":true,"href":"https:\/\/www.folylingerie.com\/it\/wp-json\/wp\/v2\/comments?post=11349"}],"version-history":[{"count":2,"href":"https:\/\/www.folylingerie.com\/it\/wp-json\/wp\/v2\/product\/11349\/revisions"}],"predecessor-version":[{"id":19607,"href":"https:\/\/www.folylingerie.com\/it\/wp-json\/wp\/v2\/product\/11349\/revisions\/19607"}],"wp:featuredmedia":[{"embeddable":true,"href":"https:\/\/www.folylingerie.com\/it\/wp-json\/wp\/v2\/media\/19450"}],"wp:attachment":[{"href":"https:\/\/www.folylingerie.com\/it\/wp-json\/wp\/v2\/media?parent=11349"}],"wp:term":[{"taxonomy":"product_brand","embeddable":true,"href":"https:\/\/www.folylingerie.com\/it\/wp-json\/wp\/v2\/product_brand?post=11349"},{"taxonomy":"product_cat","embeddable":true,"href":"https:\/\/www.folylingerie.com\/it\/wp-json\/wp\/v2\/product_cat?post=11349"},{"taxonomy":"product_tag","embeddable":true,"href":"https:\/\/www.folylingerie.com\/it\/wp-json\/wp\/v2\/product_tag?post=11349"}],"curies":[{"name":"wp","href":"https:\/\/api.w.org\/{rel}","templated":true}]}}