{"id":10763,"date":"2022-02-28T15:53:09","date_gmt":"2022-02-28T14:53:09","guid":{"rendered":"https:\/\/www.folylingerie.com\/perizoma-gioiello-lolita-regolabile.html"},"modified":"2026-03-23T17:26:39","modified_gmt":"2026-03-23T16:26:39","slug":"perizoma-gioiello-lolita-regolabile","status":"publish","type":"product","link":"https:\/\/www.folylingerie.com\/it\/perizoma-gioiello-lolita-regolabile","title":{"rendered":"Perizoma Gioiello Lolita Regolabile"},"content":{"rendered":"<h2>PERIZOMA GIOIELLO LOLITA<\/h2>\n<p>Se la seduzione \u00e8 un gioco, Lolita \u00e8 il suo strumento. La sensualit\u00e0 del <strong>perizoma gioiello Lolita<\/strong>\u00a0di Foly Lingerie prevede un <strong>intimo donna<\/strong> ridotto ai minimi termini. Trattenuto da semplici stringhe regolabili, con tassello triangolare anteriore e <strong>vita bassa,<\/strong> il perizoma gioiello Lolita \u00e8 accessoriato da un bijou nikel free anallergico composto da strass blu e charm argento. Dedicato a chi ha voglia di esaltare le curve della propria femminilit\u00e0.<\/p>\n<p>&nbsp;<\/p>\n<p>&nbsp;<\/p>\n<p>&nbsp;<\/p>\n","protected":false},"excerpt":{"rendered":"<p>Perizoma regolabile in microfibra con gioiello bijou.<\/p>\n<p><strong>Materiali: <\/strong>Poliamyde 85% Elastan 15% &#8211; Bijou nikel-free.<\/p>\n","protected":false},"featured_media":19442,"comment_status":"open","ping_status":"closed","template":"","meta":{"footnotes":""},"product_brand":[157],"product_cat":[207],"product_tag":[],"class_list":{"0":"post-10763","1":"product","2":"type-product","3":"status-publish","4":"has-post-thumbnail","6":"product_brand-foly-lingerie","7":"product_cat-perizoma-gioiello","9":"first","10":"instock","11":"taxable","12":"shipping-taxable","13":"purchasable","14":"product-type-simple"},"_links":{"self":[{"href":"https:\/\/www.folylingerie.com\/it\/wp-json\/wp\/v2\/product\/10763","targetHints":{"allow":["GET"]}}],"collection":[{"href":"https:\/\/www.folylingerie.com\/it\/wp-json\/wp\/v2\/product"}],"about":[{"href":"https:\/\/www.folylingerie.com\/it\/wp-json\/wp\/v2\/types\/product"}],"replies":[{"embeddable":true,"href":"https:\/\/www.folylingerie.com\/it\/wp-json\/wp\/v2\/comments?post=10763"}],"version-history":[{"count":1,"href":"https:\/\/www.folylingerie.com\/it\/wp-json\/wp\/v2\/product\/10763\/revisions"}],"predecessor-version":[{"id":19354,"href":"https:\/\/www.folylingerie.com\/it\/wp-json\/wp\/v2\/product\/10763\/revisions\/19354"}],"wp:featuredmedia":[{"embeddable":true,"href":"https:\/\/www.folylingerie.com\/it\/wp-json\/wp\/v2\/media\/19442"}],"wp:attachment":[{"href":"https:\/\/www.folylingerie.com\/it\/wp-json\/wp\/v2\/media?parent=10763"}],"wp:term":[{"taxonomy":"product_brand","embeddable":true,"href":"https:\/\/www.folylingerie.com\/it\/wp-json\/wp\/v2\/product_brand?post=10763"},{"taxonomy":"product_cat","embeddable":true,"href":"https:\/\/www.folylingerie.com\/it\/wp-json\/wp\/v2\/product_cat?post=10763"},{"taxonomy":"product_tag","embeddable":true,"href":"https:\/\/www.folylingerie.com\/it\/wp-json\/wp\/v2\/product_tag?post=10763"}],"curies":[{"name":"wp","href":"https:\/\/api.w.org\/{rel}","templated":true}]}}