{"id":10388,"date":"2021-02-04T14:20:58","date_gmt":"2021-02-04T13:20:58","guid":{"rendered":"https:\/\/www.folylingerie.com\/baby-doll-pamela-3.html"},"modified":"2026-04-09T16:41:07","modified_gmt":"2026-04-09T14:41:07","slug":"baby-doll-pamela-3","status":"publish","type":"product","link":"https:\/\/www.folylingerie.com\/it\/baby-doll-pamela-3","title":{"rendered":"Baby doll Pamela"},"content":{"rendered":"<p id=\"tw-target-text\" class=\"tw-data-text tw-text-large XcVN5d tw-ta\" dir=\"ltr\" data-placeholder=\"Traduzione\"><span lang=\"en\">Baby doll in soft tulle with openings on the front. For an effect I see I don&#8217;t see.<\/span><\/p>\n<p>Poup\u00e9e de ch\u00e9ri dans le tulle doux avec des ouvertures sur l\u2019avant. Pour un effet que je vois, je ne vois pas.<\/p>\n<p>Babypuppe aus weichem T\u00fcll mit \u00d6ffnungen auf der Vorderseite. F\u00fcr einen Effekt sehe ich nicht.<\/p>\n","protected":false},"excerpt":{"rendered":"<p>Baby doll in soft tulle.<\/p>\n","protected":false},"featured_media":10378,"comment_status":"open","ping_status":"closed","template":"","meta":{"footnotes":""},"product_brand":[],"product_cat":[170],"product_tag":[],"class_list":{"0":"post-10388","1":"product","2":"type-product","3":"status-publish","4":"has-post-thumbnail","6":"product_cat-babydolls","8":"first","9":"outofstock","10":"taxable","11":"shipping-taxable","12":"purchasable","13":"product-type-simple"},"_links":{"self":[{"href":"https:\/\/www.folylingerie.com\/it\/wp-json\/wp\/v2\/product\/10388","targetHints":{"allow":["GET"]}}],"collection":[{"href":"https:\/\/www.folylingerie.com\/it\/wp-json\/wp\/v2\/product"}],"about":[{"href":"https:\/\/www.folylingerie.com\/it\/wp-json\/wp\/v2\/types\/product"}],"replies":[{"embeddable":true,"href":"https:\/\/www.folylingerie.com\/it\/wp-json\/wp\/v2\/comments?post=10388"}],"version-history":[{"count":1,"href":"https:\/\/www.folylingerie.com\/it\/wp-json\/wp\/v2\/product\/10388\/revisions"}],"predecessor-version":[{"id":19534,"href":"https:\/\/www.folylingerie.com\/it\/wp-json\/wp\/v2\/product\/10388\/revisions\/19534"}],"wp:featuredmedia":[{"embeddable":true,"href":"https:\/\/www.folylingerie.com\/it\/wp-json\/wp\/v2\/media\/10378"}],"wp:attachment":[{"href":"https:\/\/www.folylingerie.com\/it\/wp-json\/wp\/v2\/media?parent=10388"}],"wp:term":[{"taxonomy":"product_brand","embeddable":true,"href":"https:\/\/www.folylingerie.com\/it\/wp-json\/wp\/v2\/product_brand?post=10388"},{"taxonomy":"product_cat","embeddable":true,"href":"https:\/\/www.folylingerie.com\/it\/wp-json\/wp\/v2\/product_cat?post=10388"},{"taxonomy":"product_tag","embeddable":true,"href":"https:\/\/www.folylingerie.com\/it\/wp-json\/wp\/v2\/product_tag?post=10388"}],"curies":[{"name":"wp","href":"https:\/\/api.w.org\/{rel}","templated":true}]}}