{"id":10330,"date":"2020-12-01T16:14:18","date_gmt":"2020-12-01T15:14:18","guid":{"rendered":"https:\/\/www.folylingerie.com\/perizoma-gioiello-gaia.html"},"modified":"2026-04-29T16:45:12","modified_gmt":"2026-04-29T14:45:12","slug":"perizoma-gioiello-gaia","status":"publish","type":"product","link":"https:\/\/www.folylingerie.com\/it\/perizoma-gioiello-gaia","title":{"rendered":"Perizoma Gioiello Gaia regolabile"},"content":{"rendered":"<h2>PERIZOMA GIOIELLO GAIA<\/h2>\n<p data-start=\"776\" data-end=\"881\">Non \u00e8 il solito perizoma.<br data-start=\"806\" data-end=\"809\" \/>\u00c8 un dettaglio che cattura lo sguardo e valorizza le forme con eleganza.<\/p>\n<p data-start=\"883\" data-end=\"1079\">Il design minimal si unisce a un inserto gioiello luminoso, creando un effetto raffinato e incredibilmente sensuale.<br data-start=\"999\" data-end=\"1002\" \/>Perfetto per chi vuole sentirsi sicura, femminile e speciale in ogni momento.<\/p>\n<p data-start=\"1081\" data-end=\"1181\">Leggero, comodo e pensato per adattarsi al corpo senza costringere, esalta le curve con naturalezza.<\/p>\n<p data-start=\"1183\" data-end=\"1229\">\u2728 Un capo unico, fatto per lasciare il segno<\/p>\n<h4><strong><span style=\"color: #993366;\">SEX TIPS<\/span><\/strong><\/h4>\n<p class=\"nessunostileparagrafo\">Il <strong>perizoma gioiello Gaia<\/strong> \u00e8 uno <strong>slip intimo<\/strong> comodo e facile da portare. Merito della sua forma e composizione. Ideato e prodotto in Italia in esclusiva da Foly Lingerie, il perizoma Gaia \u00e8 realizzato con la fibra LYCRA\u00ae BEAUTY, una lycra di qualit\u00e0 che assicura alla silhouette una perfetta vestibilit\u00e0, comfort e libert\u00e0 di movimento. Il tessuto protegge dai raggi UV schermando la pelle dalle radiazioni fino al 97,5%. Per questo l\u2019intimo Gaia pu\u00f2 essere indossato a vista, sotto abiti in pizzo, tulle e trasparenti. Grazie alle <strong>stringhe regolabili<\/strong> \u00e8 possibile altres\u00ec aumentare la <strong>sgambatura<\/strong> del perizoma e lasciare che il dettaglio gioiello appaia sopra jeans e gonne a vita bassa. Un intimo sexy per tutte le donne e tutte le taglie, consigliato a chi ama stupire, di giorno come di notte!<\/p>\n<p>&nbsp;<\/p>\n","protected":false},"excerpt":{"rendered":"<p data-start=\"651\" data-end=\"742\">Elegante, sensuale e impreziosito da un dettaglio gioiello che non passa inosservato \u2728<\/p>\n<p>Perizoma regolabile in microfibra con bijou gioiello.<\/p>\n<p><strong>Materiali: <\/strong>85% Poliamyde 15% Elastan &#8211; Bijou e accessori nikel-free<\/p>\n<p>\ud83d\ude9a Consegna veloce 24h \ud83d\udce6 Pacco anonimo, massima discrezione \ud83c\udf81 Disponibile confezione regalo<\/p>\n","protected":false},"featured_media":19518,"comment_status":"open","ping_status":"closed","template":"","meta":{"footnotes":""},"product_brand":[157],"product_cat":[207],"product_tag":[],"class_list":{"0":"post-10330","1":"product","2":"type-product","3":"status-publish","4":"has-post-thumbnail","6":"product_brand-foly-lingerie","7":"product_cat-perizoma-gioiello","9":"first","10":"instock","11":"sale","12":"taxable","13":"shipping-taxable","14":"purchasable","15":"product-type-simple"},"_links":{"self":[{"href":"https:\/\/www.folylingerie.com\/it\/wp-json\/wp\/v2\/product\/10330","targetHints":{"allow":["GET"]}}],"collection":[{"href":"https:\/\/www.folylingerie.com\/it\/wp-json\/wp\/v2\/product"}],"about":[{"href":"https:\/\/www.folylingerie.com\/it\/wp-json\/wp\/v2\/types\/product"}],"replies":[{"embeddable":true,"href":"https:\/\/www.folylingerie.com\/it\/wp-json\/wp\/v2\/comments?post=10330"}],"version-history":[{"count":3,"href":"https:\/\/www.folylingerie.com\/it\/wp-json\/wp\/v2\/product\/10330\/revisions"}],"predecessor-version":[{"id":19606,"href":"https:\/\/www.folylingerie.com\/it\/wp-json\/wp\/v2\/product\/10330\/revisions\/19606"}],"wp:featuredmedia":[{"embeddable":true,"href":"https:\/\/www.folylingerie.com\/it\/wp-json\/wp\/v2\/media\/19518"}],"wp:attachment":[{"href":"https:\/\/www.folylingerie.com\/it\/wp-json\/wp\/v2\/media?parent=10330"}],"wp:term":[{"taxonomy":"product_brand","embeddable":true,"href":"https:\/\/www.folylingerie.com\/it\/wp-json\/wp\/v2\/product_brand?post=10330"},{"taxonomy":"product_cat","embeddable":true,"href":"https:\/\/www.folylingerie.com\/it\/wp-json\/wp\/v2\/product_cat?post=10330"},{"taxonomy":"product_tag","embeddable":true,"href":"https:\/\/www.folylingerie.com\/it\/wp-json\/wp\/v2\/product_tag?post=10330"}],"curies":[{"name":"wp","href":"https:\/\/api.w.org\/{rel}","templated":true}]}}