{"id":10218,"date":"2020-11-17T16:56:50","date_gmt":"2020-11-17T15:56:50","guid":{"rendered":"https:\/\/www.folylingerie.com\/perizoma-gioiello-lianna.html"},"modified":"2026-03-23T13:39:34","modified_gmt":"2026-03-23T12:39:34","slug":"perizoma-gioiello-lianna","status":"publish","type":"product","link":"https:\/\/www.folylingerie.com\/it\/perizoma-gioiello-lianna","title":{"rendered":"Perizoma Gioiello Lianna regolabile"},"content":{"rendered":"<h2>PERIZOMA GIOIELLO LIANNA<\/h2>\n<p>La forma essenziale della sensualit\u00e0 si pone impalpabile al cospetto del corpo femminile rivestendolo di seta, luce e leggerezza. Il <strong>perizoma bianco Lianna di Foly Lingerie<\/strong>, in morbidissima seta offre una perfetta vestibilit\u00e0: a vita bassa, con tassello anteriore ridotto, \u00e8 dotato di confortevoli bretelle in silicone regolabili, ideale per adattarlo alle curve della propria femminilit\u00e0. Nella parte posteriore \u00e8 arricchito da un bijou nikel free anallergico composto da strass verde smeraldo e ciondoli farfalla. Un&#8217;originale e scintillante idea intima da indossare per dare vita a momenti indimenticabili.<\/p>\n<p>&nbsp;<\/p>\n","protected":false},"excerpt":{"rendered":"<p>Perizoma in seta regolabile con bijou gioiello.<\/p>\n<p><strong>Materiali:<\/strong> Seta 20% Poliamyde 65% Elastan 15% &#8211; Bijou nikel-free.<\/p>\n","protected":false},"featured_media":19444,"comment_status":"open","ping_status":"closed","template":"","meta":{"footnotes":""},"product_brand":[157],"product_cat":[207],"product_tag":[],"class_list":{"0":"post-10218","1":"product","2":"type-product","3":"status-publish","4":"has-post-thumbnail","6":"product_brand-foly-lingerie","7":"product_cat-perizoma-gioiello","9":"first","10":"instock","11":"taxable","12":"shipping-taxable","13":"purchasable","14":"product-type-simple"},"_links":{"self":[{"href":"https:\/\/www.folylingerie.com\/it\/wp-json\/wp\/v2\/product\/10218","targetHints":{"allow":["GET"]}}],"collection":[{"href":"https:\/\/www.folylingerie.com\/it\/wp-json\/wp\/v2\/product"}],"about":[{"href":"https:\/\/www.folylingerie.com\/it\/wp-json\/wp\/v2\/types\/product"}],"replies":[{"embeddable":true,"href":"https:\/\/www.folylingerie.com\/it\/wp-json\/wp\/v2\/comments?post=10218"}],"version-history":[{"count":1,"href":"https:\/\/www.folylingerie.com\/it\/wp-json\/wp\/v2\/product\/10218\/revisions"}],"predecessor-version":[{"id":19416,"href":"https:\/\/www.folylingerie.com\/it\/wp-json\/wp\/v2\/product\/10218\/revisions\/19416"}],"wp:featuredmedia":[{"embeddable":true,"href":"https:\/\/www.folylingerie.com\/it\/wp-json\/wp\/v2\/media\/19444"}],"wp:attachment":[{"href":"https:\/\/www.folylingerie.com\/it\/wp-json\/wp\/v2\/media?parent=10218"}],"wp:term":[{"taxonomy":"product_brand","embeddable":true,"href":"https:\/\/www.folylingerie.com\/it\/wp-json\/wp\/v2\/product_brand?post=10218"},{"taxonomy":"product_cat","embeddable":true,"href":"https:\/\/www.folylingerie.com\/it\/wp-json\/wp\/v2\/product_cat?post=10218"},{"taxonomy":"product_tag","embeddable":true,"href":"https:\/\/www.folylingerie.com\/it\/wp-json\/wp\/v2\/product_tag?post=10218"}],"curies":[{"name":"wp","href":"https:\/\/api.w.org\/{rel}","templated":true}]}}