{"id":795,"date":"2018-05-18T11:41:43","date_gmt":"2018-05-18T09:41:43","guid":{"rendered":"https:\/\/themedemo.commercegurus.com\/shoptimizer\/?page_id=795"},"modified":"2024-07-16T12:46:55","modified_gmt":"2024-07-16T10:46:55","slug":"condizioni-di-vendita","status":"publish","type":"page","link":"https:\/\/www.folylingerie.com\/it\/condizioni-di-vendita","title":{"rendered":"Condizioni di vendita"},"content":{"rendered":"<p>Per acquistare non \u00e8 necessario effettuare la registrazione sul sito.<\/p>\n<p><strong>CONDIZIONI DI VENDITA<br \/>\n<\/strong><\/p>\n<ul>\n<li>L&#8217;acquisto di tutti i prodotti presenti a catalogo pu\u00f2 avvenire, tramite il sito, previa registrazione gratuita sullo stesso, a mezzo fax, e-mail oppure telefonicamente.<\/li>\n<li>Il CLIENTE garantisce che le informazioni personali inserite sul sito sono complete e veritiere.<\/li>\n<li>L&#8217;acquisto e la registrazione sul sito \u00e8 consentito solo a maggiorenni.<\/li>\n<li>L&#8217;acquisto e la registrazione sul sito \u00e8 riservato esclusivamente a consumatori finali.<\/li>\n<li>Rivenditori e grossisti possono registrare un account sul sito oppure inviare una mail ad\u00a0<span id=\"cloak6d924b0ba9c3f51043a93b107f4410ec\"><a href=\"mailto:info@scic-calza.it\">info@scic-calza.it<\/a><\/span>\u00a0per conoscere condizioni e scontistica.<\/li>\n<li>FOLY&#8217;\u00a0si riserva il diritto di non accettare ordini, che risultino anomali per incongruenza o mancanza parziale di dati personali.<\/li>\n<li>Con l&#8217;invio di un ordine sul sito, il cliente dichiara di accettare incondizionatamente ed integralmente le condizioni di vendita.<\/li>\n<\/ul>\n<p>&nbsp;<\/p>\n<p><strong>PAGAMENTI<\/strong><\/p>\n<p>Gli ordini effettuati su\u00a0<strong>Folylingerie.com\u00a0<\/strong>possono essere pagati attraverso i seguenti sistemi:<\/p>\n<p><strong>Bonifico bancario anticipato<br \/>\n<\/strong><\/p>\n<p>E&#8217; una soluzione comoda, SCIC CALZA invier\u00e0 la merce acquistata non appena avr\u00e0 ricevuto l&#8217;importo accreditato sul conto corrente.<\/p>\n<p>Possono essere necessari fino a 3 giorni.<\/p>\n<p>Tuttavia \u00e8 possibile inviare copia della ricevuta di versamento tramite MAIL,\u00a0<span id=\"cloake5ba985d0ca538eec9c1d8d3b8adc671\"><a href=\"mailto:info@folylingerie.com\">info@folylingerie.com<\/a><\/span>\u00a0,\u00a0 in questo caso la merce pu\u00f2 essere spedita rapidamente,anche il giorno stesso.<\/p>\n<p><strong>Dati bancari:<\/strong><\/p>\n<p>INTESTATO A:<\/p>\n<p>Scic Calza Sas di Schinelli Matteo &amp; C.<\/p>\n<p>Strada Acquafredda 1 46042 Castel Goffredo (MN).<\/p>\n<p>BANCA D&#8217;APPOGGIO:<\/p>\n<p>Credito Padano &#8211; Banca di Credito Cooperativo Filiale di Castel Goffredo<\/p>\n<p>Iban Code:\u00a0<strong>IT 30 B 08454 57550 000000008124<\/strong><strong><br \/>\n<\/strong><\/p>\n<p><strong>Paypal<\/strong><\/p>\n<p>Gli ordini si possono pagare con carta di credito attraverso il sistema di pagamento sicuro di Paypal.\u00a0 tutte le informazioni sulla carta di credito vengono comunicate dal cliente direttamente a paypal, senza passare attraverso il server di Folylingerie che in nessun modo verr\u00e0 a conoscenza del numero di carta di credito del cliente.<br \/>\nPaypal automaticamente cripta tutte le informazioni riguardo la transazione di pagamento con un protocollo SSL\u00a0 (SECURE SOCKETS LAYER PROTOCOL) di 128 bits (il livello pi\u00f9 alto possibile per il commercio elettronico).<\/p>\n<p><img decoding=\"async\" src=\"https:\/\/www.paypalobjects.com\/it_IT\/IT\/Marketing\/i\/bnr\/bnr_horizontal_solutiongraphic_335x80.gif\" alt=\"Che cos&#039;\u00e8 PayPal\" border=\"0\" title=\"\"><\/p>\n<p><strong>Contanti al corriere (Contributo gestione di \u20ac 4)<\/strong><\/p>\n<p>Puoi pagare i tuoi acquisti direttamente al corriere, in contanti o assegno (SOLO CIRCOLARE), con un costo aggiuntivo di \u20ac 4.<\/p>\n<p>FOLYLINGERIE si riserva il diritto di non procedere alla spedizione della merce a clienti che non hanno ritirato ordini precedenti.<\/p>\n<p>&nbsp;<\/p>\n<p><strong>SPEDIZIONE PRODOTTI<\/strong><\/p>\n<p><strong>Consegna gratuita con un minimo spesa di \u20ac 59.<\/strong><\/p>\n<ul>\n<li>La consegna avviene tra le 24 e le 48 ore, a seconda delle zone, presso il recapito da te indicato (assicurati che ci sia qualcuno a casa).<\/li>\n<li>Se scegli un indirizzo diverso per la spedizione, puoi indicarlo in fase di completamento dell&#8217;ordine.<\/li>\n<li>Puoi anche scegliere di ricevere il tuo ordine in fermo deposito presso una filiale GLS.<\/li>\n<\/ul>\n<p><strong>Spesa inferiore a \u20ac 59.<\/strong><\/p>\n<ul>\n<li>Le modalit\u00e0 di consegna non cambiano.<\/li>\n<li>La spesa \u00e8 di\u00a0<strong>\u20ac 7<\/strong>\u00a0per tutta Italia (isole comprese).<\/li>\n<\/ul>\n<p><strong>Quando viene spedita la merce.<\/strong><\/p>\n<ul>\n<li>Gli ordini inviati entro le ore 11:00 vengono spediti il giorno stesso.<\/li>\n<li>Il corriere consegna entro 24 ore (entro 48 ore per Calabria, Sardegna, Sicilia e isole minori).<\/li>\n<li>Gli ordini inviati il Sabato, Domenica o festivi, saranno trattati il primo giorno lavorativo successivo.<\/li>\n<\/ul>\n<p><strong>Festivit\u00e0<\/strong><\/p>\n<p>1 Gennaio, 6 Gennaio, Pasqua e Pasquetta, 25 Aprile, 1 Maggio, 2 Giugno, 15 Agosto, 18 Ottobre, 1 Novembre, 8 Dicembre, 25 Dicembre, 26 Dicembre.<\/p>\n<p><strong>Privacy<\/strong><\/p>\n<p>In assoluto rispetto della pravacy, i nostri prodotti saranno spediti al recapito fornito in eleganti e sobrie confezioni recanti il solo indirizzo del mittente:<\/p>\n<p><strong>SCIC CALZA SAS<\/strong><\/p>\n<p>&nbsp;<\/p>\n<p class=\"texte_aide\"><strong>PRODOTTI<\/strong><\/p>\n<ul>\n<li class=\"texte_aide\">I prodotti in vendita sul sito sono articoli di abbigliamento intimo, lingerie per donna e accessori.<\/li>\n<li class=\"texte_aide\">Tutte le immagini e le descrizioni dei Prodotti presenti pubblicate su ogni scheda prodotto sul sito riproducono e descrivono quanto pi\u00f9 fedelmente possibile le reali caratteristiche dei prodotti.<\/li>\n<li class=\"texte_aide\">Resta inteso che tali immagini e le descrizioni dei prodotti devono essere considerate indicative e interpretate con un minimo di tolleranza.<\/li>\n<li class=\"texte_aide\">La disponibilit\u00e0 dei Prodotti pubblicati sul sito \u00e8 immediata, fanno eccezione alcuni che potrebbero non essere fisicamente nel nostro magazzino.<br \/>\nTali prodotti sono segnalati all&#8217;interno della scheda prodotto stessa.<\/li>\n<li class=\"texte_aide\">I prezzi sul sito sono da considerarsi iva inclusa.<\/li>\n<li class=\"texte_aide\">FOLY&#8217; si riserva di apportare eventuali variazioni ai prezzi, aggiornando gli stessi sul sito internet<\/li>\n<\/ul>\n<p>&nbsp;<\/p>\n<p><strong>RESI<\/strong><\/p>\n<p>Acquistare su<strong>\u00a0folylingerie.com\u00a0<\/strong>\u00e8 un momento di piacere da sperimentare in semplicit\u00e0 e sicurezza; altrettanto facile e sicuro \u00e8 rendere un prodotto.<\/p>\n<p>Ti colpir\u00e0 la qualit\u00e0 dei nostri capi, potrai valutare, toccando con mano, tessuti e preziosi dettagli.<\/p>\n<p>Se sarai soddisfatto, come speriamo, tornerai a visitarci.<\/p>\n<p>In caso contrario, restituirai il prodotto in modo facile e sicuro, inviando semplicemente una mail all&#8217;indirizzo\u00a0<strong><span id=\"cloak077d253483d5b75fdea01a7098825a0d\"><a href=\"mailto:info@folylingerie.com\">info@folylingerie.com<\/a><\/span><\/strong><\/p>\n<p>Non appena il reso (conforme alle condizioni) sar\u00e0 accettato dai nostri operatori, riceverai una mail e da quel momento potrai spedire (<strong>spese a carico del cliente<\/strong>)&#8230;. e tornare a visitarci per altri piacevoli momenti.<\/p>\n<p>Hai 10 giorni lavorativi di tempo ( a partire dal giorno in cui hai ricevuto la merce ) per restituire il prodotto.<\/p>\n<p><strong>Ricorda, i prodotti resi:<\/strong><\/p>\n<ul>\n<li>Non devono essere stati utilizzati, lavati, danneggiati.<\/li>\n<li>Devono avere la loro confezione originale, integra e non danneggiata.<\/li>\n<li>Devono avere tutte le etichette.<\/li>\n<li>Devono essere spediti entro e non oltre 10 giorni lavorativi dal giorno del ricevimento.<\/li>\n<\/ul>\n<p>ATTENZIONE: per ovvie ragioni igieniche, non possiamo accettare resi di prodotti destinati al contatto con parti intime.\u00a0<strong>A vostra esclusiva tutela.<\/strong><\/p>\n","protected":false},"excerpt":{"rendered":"<p>Per acquistare non \u00e8 necessario effettuare la registrazione sul sito. CONDIZIONI DI VENDITA L&#8217;acquisto di tutti i prodotti presenti a catalogo pu\u00f2 avvenire, tramite il sito, previa registrazione gratuita sullo stesso, a mezzo fax, e-mail oppure telefonicamente. Il CLIENTE garantisce che le informazioni personali inserite sul sito sono complete e veritiere. L&#8217;acquisto e la registrazione [&hellip;]<\/p>\n","protected":false},"author":1,"featured_media":0,"parent":0,"menu_order":0,"comment_status":"closed","ping_status":"closed","template":"","meta":{"footnotes":""},"categories":[],"tags":[],"class_list":["post-795","page","type-page","status-publish","hentry"],"_links":{"self":[{"href":"https:\/\/www.folylingerie.com\/it\/wp-json\/wp\/v2\/pages\/795","targetHints":{"allow":["GET"]}}],"collection":[{"href":"https:\/\/www.folylingerie.com\/it\/wp-json\/wp\/v2\/pages"}],"about":[{"href":"https:\/\/www.folylingerie.com\/it\/wp-json\/wp\/v2\/types\/page"}],"author":[{"embeddable":true,"href":"https:\/\/www.folylingerie.com\/it\/wp-json\/wp\/v2\/users\/1"}],"replies":[{"embeddable":true,"href":"https:\/\/www.folylingerie.com\/it\/wp-json\/wp\/v2\/comments?post=795"}],"version-history":[{"count":3,"href":"https:\/\/www.folylingerie.com\/it\/wp-json\/wp\/v2\/pages\/795\/revisions"}],"predecessor-version":[{"id":14431,"href":"https:\/\/www.folylingerie.com\/it\/wp-json\/wp\/v2\/pages\/795\/revisions\/14431"}],"wp:attachment":[{"href":"https:\/\/www.folylingerie.com\/it\/wp-json\/wp\/v2\/media?parent=795"}],"wp:term":[{"taxonomy":"category","embeddable":true,"href":"https:\/\/www.folylingerie.com\/it\/wp-json\/wp\/v2\/categories?post=795"},{"taxonomy":"post_tag","embeddable":true,"href":"https:\/\/www.folylingerie.com\/it\/wp-json\/wp\/v2\/tags?post=795"}],"curies":[{"name":"wp","href":"https:\/\/api.w.org\/{rel}","templated":true}]}}