{"id":3,"date":"2022-01-11T17:17:41","date_gmt":"2022-01-11T16:17:41","guid":{"rendered":"https:\/\/www.folylingerie.com\/?page_id=3"},"modified":"2024-07-16T12:46:43","modified_gmt":"2024-07-16T10:46:43","slug":"privacy","status":"publish","type":"page","link":"https:\/\/www.folylingerie.com\/it\/privacy","title":{"rendered":"Privacy Policy"},"content":{"rendered":"<p><strong>Informativa sul trattamento dei dati personali ex artt. 13-14 Reg.to UE 2016\/679<\/strong><\/p>\n<p>L\u2019azienda SCIC CALZA sas di Schinelli Matteo &amp; C., nella qualit\u00e0 di Titolare del trattamento dei Suoi dati personali, ai sensi e per gli effetti del Reg.to UE 2016\/679 di seguito GDPR, con la presente La informa che la citata normativa prevede la tutela degli interessati rispetto al trattamento dei dati personali e che tale trattamento sar\u00e0 improntato ai principi di correttezza, liceit\u00e0, trasparenza e di tutela della Sua riservatezza e dei Suoi diritti.<\/p>\n<p>I Suoi dati personali verranno trattati conformemente alle disposizioni della normativa sopra richiamata e degli obblighi di riservatezza ivi previsti.<\/p>\n<p>Finalit\u00e0 di trattamento: in particolare, i Suoi dati verranno trattati per le seguenti finalit\u00e0 connesse all\u2019attuazione di adempimenti relativi ad obblighi legislativi o contrattuali:<br \/>\n&#8211; Registrazione nelle anagrafiche dell\u2019azienda, sia cartacea che in modalit\u00e0 elettronica<br \/>\n&#8211; Gestire e mantenere le suddette anagrafiche<br \/>\n&#8211; Attivit\u00e0 economiche, commerciali, finanziarie ed assicurative (dati contabili: ordini, buoni di spedizione, fatture, articoli, prodotti, servizi, contratti, accordi, transazioni, identificativi finanziari, redditi, beni patrimoniali, investimenti. Passivit\u00e0, solvibilit\u00e0, prestiti, mutui, ipoteche, crediti, indennit\u00e0, benefici, concessioni, donazioni, sussidi, contributi, dati assicurativi, dati previdenziali)<\/p>\n<p>Il trattamento dei dati funzionali per l\u2019espletamento di tali obblighi \u00e8 necessario per una corretta gestione del rapporto e del loro conferimento, \u00e8 obbligatorio per attuare le finalit\u00e0 sopra indicate, Il Titolare rende noto, inoltre, che l\u2019eventuale non comunicazione, o comunicazione errata, di una delle informazioni obbligatorie, pu\u00f2 causare l\u2019impossibilit\u00e0 del titolare di garantire la congruit\u00e0 del trattamento stesso.<br \/>\nModalit\u00e0 del trattamento: i suoi dati personali potranno essere trattati nei seguenti modi:<br \/>\n&#8211; ausilio di strumenti elettronici e non<\/p>\n<p>Ogni trattamento avviene nel rispetto delle modalit\u00e0 di cui agli artt. 6 e 32 del GDPR e mediante l\u2019adozione delle adeguate misure di sicurezza previste.<\/p>\n<p>Comunicazione: i Suoi dati saranno comunicati esclusivamente a soggetti competenti e debitamente nominati per l\u2019espletamento dei servizi necessari ad una corretta gestione del rapporto, con garanzia di tutela dei diritti dell\u2019interessato.<\/p>\n<p>I Suoi dati saranno trattati unicamente da personale espressamente autorizzato dal Titolare ed, in particolare, dalle seguenti categorie di autorizzati:<br \/>\nSCHINELLI GIOVANNI \u2013 legale rappresentante<br \/>\nSCHINELLI MATTEO \u2013 socio accomandante<\/p>\n<p>I Suoi dati potranno essere comunicati a terzi debitamente nominati Responsabili del trattamento, in particolare a:<br \/>\n&#8211; dipendenti e collaboratori del titolare nella loro qualit\u00e0 di soggetti interni autorizzati del trattamento e\/o amministratori di sistema<br \/>\n&#8211; A terzi soggetti esterni autorizzati dal Titolare come: Studi professionali, Commercialisti, che svolgono attivit\u00e0 per conto del Titolare in Outsourcing nella loro qualit\u00e0 di Soggetti o Responsabili esterni del trattamento, a Societ\u00e0 Autorizzate dal Titolare a svolgere la funzione di recupero crediti.<br \/>\n&#8211; Il Titolare potr\u00e0 comunicare i Suoi dati per le finalit\u00e0 presenti a Organismo di vigilanza, Autorit\u00e0 Giudiziarie nonch\u00e9 a tutti i soggetti ai quali \u00e8 obbligatorio eseguire comunicazioni.<\/p>\n<p>Diffusione: i Suoi dati personali non verranno diffusi in alcun modo<\/p>\n<p>Periodo di conservazione: Le segnaliamo che, nel rispetto dei principi di liceit\u00e0, limitazione delle finalit\u00e0 e minimizzazione dei dati, ai sensi dell\u2019art. 5 del GDPR, il periodo di conservazione dei Suoi dati personali \u00e8:<br \/>\n&#8211; a tempo indeterminato<\/p>\n<p>Titolare: il Titolare del trattamento dei dati, ai sensi della Legge, \u00e8 la SCIC CALZA sas, con sede in Castel Goffredo (MN), Strada Acquafredda n.1, e. mail:\u00a0<span id=\"cloak6cc959839f0b58e9e2d11329840bb110\"><a href=\"mailto:info@scic-calza.it\">info@scic-calza.it<\/a><\/span>, telefono: +39 0376770778, codice fiscale e partita IVA: 01863500201, nella persona del Sig. Schinelli Matteo.<br \/>\nLei ha diritto di ottenere dal Titolare la cancellazione (diritto all\u2019oblio), la limitazione, l\u2019aggiornamento, la rettificazione, la portabilit\u00e0, l\u2019opposizione al trattamento dei dati personali che La riguardano, nonch\u00e9 in generale pu\u00f2 esercitare tutti i diritti previsti dagli artt. 15,16,17,18,19,20,21,22 del GDPR.<\/p>\n<p>Regolamento UE 2016\/679: Artt. 15,16,17,18,19,20,21,22 \u2013 Diritti dell\u2019Interessato<\/p>\n<p><strong>\u00a01.<\/strong>\u00a0L\u2019Interessato ha il diritto di ottenere la conferma dell\u2019esistenza o meno di dati personali che lo riguardano, anche se non ancora registrati, e la loro comunicazione in forma intelligibile.<\/p>\n<p><strong>\u00a02.<\/strong>\u00a0L\u2019Interessato ha il diritto di ottenere l\u2019indicazione:<br \/>\n\u2022 Dell\u2019origine dei dati personali;<br \/>\n\u2022 Delle finalit\u00e0 e modalit\u00e0 del trattamento;<br \/>\n\u2022 Della logica applicata in caso di trattamento effettuato con l\u2019ausilio di strumenti elettronici;<br \/>\n\u2022 Degli estremi identificativi del titolare, dei responsabili e del rappresentante designato ai sensi dell\u2019articolo 5 comma 2;<br \/>\n\u2022 Dei soggetti o delle categorie di soggetti ai quali i dati personali possono essere comunicati o che possono venirne a conoscenza in qualit\u00e0 di rappresentante designato nel territorio dello Stato, di responsabili o incaricati<\/p>\n<p><strong>\u00a03.<\/strong>\u00a0L\u2019interessato ha il diritto di ottenere:<br \/>\n\u2022 L\u2019aggiornamento, la rettificazione ovvero, quando vi ha interesse, l\u2019integrazione dei dati;<br \/>\n\u2022 La cancellazione, la trasformazione in forma anonima o il blocco dei dati trattati in violazione di legge, compresi quelli di cui non \u00e8 necessaria la conservazione in relazione agli scopi per i quali i dati sono stati raccolti o successivamente trattati;<br \/>\n\u2022 L\u2019attestazione che le operazioni di cui alle lettere a) e b) sono state portate a conoscenza, anche per quanto riguarda il loro contenuto, di coloro ai quali i dati sono stati comunicati o diffusi, eccettuato il caso in cui tale adempimento si rivela impossibile o comporta un impiego di mezzi manifestante sproporzionato rispetto al diritto tutelato;<br \/>\n\u2022 La portabilit\u00e0 dei dati.<\/p>\n<p><strong>\u00a04.<\/strong>\u00a0L\u2019interessato ha diritto di opporsi, in tutto o in parte:<br \/>\n\u2022 Per motivi legittimi al trattamento dei dati personali che lo riguardano, ancorch\u00e9 pertinenti allo scopo della raccolta;<br \/>\n\u2022 Al trattamento di dati personali che lo riguardano a fini di invio di materiale pubblicitario o di vendita diretta o per il compimento di ricerche di mercato o di comunicazione commerciale.<\/p>\n","protected":false},"excerpt":{"rendered":"<p>Informativa sul trattamento dei dati personali ex artt. 13-14 Reg.to UE 2016\/679 L\u2019azienda SCIC CALZA sas di Schinelli Matteo &amp; C., nella qualit\u00e0 di Titolare del trattamento dei Suoi dati personali, ai sensi e per gli effetti del Reg.to UE 2016\/679 di seguito GDPR, con la presente La informa che la citata normativa prevede la [&hellip;]<\/p>\n","protected":false},"author":1,"featured_media":0,"parent":0,"menu_order":0,"comment_status":"closed","ping_status":"closed","template":"","meta":{"footnotes":""},"categories":[],"tags":[],"class_list":["post-3","page","type-page","status-publish","hentry"],"_links":{"self":[{"href":"https:\/\/www.folylingerie.com\/it\/wp-json\/wp\/v2\/pages\/3","targetHints":{"allow":["GET"]}}],"collection":[{"href":"https:\/\/www.folylingerie.com\/it\/wp-json\/wp\/v2\/pages"}],"about":[{"href":"https:\/\/www.folylingerie.com\/it\/wp-json\/wp\/v2\/types\/page"}],"author":[{"embeddable":true,"href":"https:\/\/www.folylingerie.com\/it\/wp-json\/wp\/v2\/users\/1"}],"replies":[{"embeddable":true,"href":"https:\/\/www.folylingerie.com\/it\/wp-json\/wp\/v2\/comments?post=3"}],"version-history":[{"count":4,"href":"https:\/\/www.folylingerie.com\/it\/wp-json\/wp\/v2\/pages\/3\/revisions"}],"predecessor-version":[{"id":14434,"href":"https:\/\/www.folylingerie.com\/it\/wp-json\/wp\/v2\/pages\/3\/revisions\/14434"}],"wp:attachment":[{"href":"https:\/\/www.folylingerie.com\/it\/wp-json\/wp\/v2\/media?parent=3"}],"wp:term":[{"taxonomy":"category","embeddable":true,"href":"https:\/\/www.folylingerie.com\/it\/wp-json\/wp\/v2\/categories?post=3"},{"taxonomy":"post_tag","embeddable":true,"href":"https:\/\/www.folylingerie.com\/it\/wp-json\/wp\/v2\/tags?post=3"}],"curies":[{"name":"wp","href":"https:\/\/api.w.org\/{rel}","templated":true}]}}