{"id":14630,"date":"2024-07-15T10:12:01","date_gmt":"2024-07-15T08:12:01","guid":{"rendered":"https:\/\/www.folylingerie.com?page_id=14630"},"modified":"2024-08-08T13:10:19","modified_gmt":"2024-08-08T11:10:19","slug":"lingerie","status":"publish","type":"page","link":"https:\/\/www.folylingerie.com\/it\/lingerie","title":{"rendered":"Prodotti Lingerie"},"content":{"rendered":"\t\t<div data-elementor-type=\"wp-page\" data-elementor-id=\"14630\" class=\"elementor elementor-14630\" data-elementor-post-type=\"page\">\n\t\t\t\t<section class=\"elementor-element elementor-element-213e1110 lazy-background e-flex e-con-boxed e-con e-parent\" data-id=\"213e1110\" data-element_type=\"container\" data-e-type=\"container\" data-settings=\"{&quot;background_background&quot;:&quot;classic&quot;}\">\n\t\t\t\t\t<div class=\"e-con-inner\">\n\t\t\t\t<div class=\"elementor-element elementor-element-1514584c elementor-widget elementor-widget-heading\" data-id=\"1514584c\" data-element_type=\"widget\" data-e-type=\"widget\" data-widget_type=\"heading.default\">\n\t\t\t\t<div class=\"elementor-widget-container\">\n\t\t\t\t\t<h1 class=\"elementor-heading-title elementor-size-default\">Lingerie<\/h1>\t\t\t\t<\/div>\n\t\t\t\t<\/div>\n\t\t\t\t\t<\/div>\n\t\t\t\t<\/section>\n\t\t<div class=\"elementor-element elementor-element-6e383148 e-flex e-con-boxed e-con e-parent\" data-id=\"6e383148\" data-element_type=\"container\" data-e-type=\"container\">\n\t\t\t\t\t<div class=\"e-con-inner\">\n\t\t\t\t<div class=\"elementor-element elementor-element-1a35b840 elementor-widget elementor-widget-text-editor\" data-id=\"1a35b840\" data-element_type=\"widget\" data-e-type=\"widget\" data-widget_type=\"text-editor.default\">\n\t\t\t\t<div class=\"elementor-widget-container\">\n\t\t\t\t\t\t\t\t\t<p class=\"p1\">Dai forma ai tuoi sensi con le proposte di foly lingerie: intimo uomo e donna sexy, audaci e originali. 100% made in italy, tutte le proposte foly lingerie sono realizzate con tessuti e cuciture di alta qualit\u00e0, selezionati per non irritare la pelle e offrire al corpo la migliore vestibilit\u00e0. per non tradire il desiderio di sentirsi belli e a proprio agio in ogni situazione.<\/p>\t\t\t\t\t\t\t\t<\/div>\n\t\t\t\t<\/div>\n\t\t\t\t\t<\/div>\n\t\t\t\t<\/div>\n\t\t<div class=\"elementor-element elementor-element-6d188c34 e-flex e-con-boxed e-con e-parent\" data-id=\"6d188c34\" data-element_type=\"container\" data-e-type=\"container\">\n\t\t\t\t\t<div class=\"e-con-inner\">\n\t\t\t\t<div class=\"elementor-element elementor-element-5563cb85 elementor-grid-tablet_extra-3 elementor-grid-tablet-2 elementor-grid-mobile-1 elementor-grid-4 elementor-products-grid elementor-wc-products elementor-widget elementor-widget-wc-categories\" data-id=\"5563cb85\" data-element_type=\"widget\" data-e-type=\"widget\" data-widget_type=\"wc-categories.default\">\n\t\t\t\t<div class=\"elementor-widget-container\">\n\t\t\t\t\t<div class=\"woocommerce columns-4\"><ul class=\"products elementor-grid columns-4\">\n<li class=\"product-category product first\">\n\t<a aria-label=\"Visita categoria del prodotto Sottovesti\" href=\"https:\/\/www.folylingerie.com\/it\/sottovesti\"><span class=\"cat-image-wrapper\"><img decoding=\"async\" src=\"https:\/\/www.folylingerie.com\/wp-content\/uploads\/sottovesti-1.jpg\" alt=\"Sottovesti\" width=\"0\" height=\"\" srcset=\"https:\/\/www.folylingerie.com\/wp-content\/uploads\/sottovesti-1.jpg 600w, https:\/\/www.folylingerie.com\/wp-content\/uploads\/sottovesti-1-150x200.jpg 150w\" sizes=\"(max-width: 600px) 100vw, 600px\" title=\"\"><\/span>\t\t<h2 class=\"woocommerce-loop-category__title\">\n\t\t\tSottovesti <mark class=\"count\">(6)<\/mark>\t\t<\/h2>\n\t\t<\/a><\/li>\n<li class=\"product-category product\">\n\t<a aria-label=\"Visita categoria del prodotto Reggicalze\" href=\"https:\/\/www.folylingerie.com\/it\/reggicalze\"><span class=\"cat-image-wrapper\"><img decoding=\"async\" src=\"https:\/\/www.folylingerie.com\/wp-content\/uploads\/reggicalze.jpg\" alt=\"Reggicalze\" width=\"0\" height=\"\" srcset=\"https:\/\/www.folylingerie.com\/wp-content\/uploads\/reggicalze.jpg 600w, https:\/\/www.folylingerie.com\/wp-content\/uploads\/reggicalze-150x200.jpg 150w\" sizes=\"(max-width: 600px) 100vw, 600px\" title=\"\"><\/span>\t\t<h2 class=\"woocommerce-loop-category__title\">\n\t\t\tReggicalze <mark class=\"count\">(5)<\/mark>\t\t<\/h2>\n\t\t<\/a><\/li>\n<li class=\"product-category product\">\n\t<a aria-label=\"Visita categoria del prodotto Gu\u00eapi\u00e8re\" href=\"https:\/\/www.folylingerie.com\/it\/guepiere\"><span class=\"cat-image-wrapper\"><img decoding=\"async\" src=\"https:\/\/www.folylingerie.com\/wp-content\/uploads\/guepiere.jpg\" alt=\"Gu\u00eapi\u00e8re\" width=\"0\" height=\"\" srcset=\"https:\/\/www.folylingerie.com\/wp-content\/uploads\/guepiere.jpg 600w, https:\/\/www.folylingerie.com\/wp-content\/uploads\/guepiere-150x200.jpg 150w\" sizes=\"(max-width: 600px) 100vw, 600px\" title=\"\"><\/span>\t\t<h2 class=\"woocommerce-loop-category__title\">\n\t\t\tGu\u00eapi\u00e8re <mark class=\"count\">(5)<\/mark>\t\t<\/h2>\n\t\t<\/a><\/li>\n<li class=\"product-category product last\">\n\t<a aria-label=\"Visita categoria del prodotto Giarrettiere\" href=\"https:\/\/www.folylingerie.com\/it\/giarrettiere\"><span class=\"cat-image-wrapper\"><img decoding=\"async\" src=\"https:\/\/www.folylingerie.com\/wp-content\/uploads\/giarrettiere.jpg\" alt=\"Giarrettiere\" width=\"0\" height=\"\" srcset=\"https:\/\/www.folylingerie.com\/wp-content\/uploads\/giarrettiere.jpg 600w, https:\/\/www.folylingerie.com\/wp-content\/uploads\/giarrettiere-150x200.jpg 150w\" sizes=\"(max-width: 600px) 100vw, 600px\" title=\"\"><\/span>\t\t<h2 class=\"woocommerce-loop-category__title\">\n\t\t\tGiarrettiere <mark class=\"count\">(1)<\/mark>\t\t<\/h2>\n\t\t<\/a><\/li>\n<li class=\"product-category product first\">\n\t<a aria-label=\"Visita categoria del prodotto Corsetti\" href=\"https:\/\/www.folylingerie.com\/it\/corsetti\"><span class=\"cat-image-wrapper\"><img decoding=\"async\" src=\"https:\/\/www.folylingerie.com\/wp-content\/uploads\/corsetti.jpg\" alt=\"Corsetti\" width=\"0\" height=\"\" srcset=\"https:\/\/www.folylingerie.com\/wp-content\/uploads\/corsetti.jpg 600w, https:\/\/www.folylingerie.com\/wp-content\/uploads\/corsetti-150x200.jpg 150w\" sizes=\"(max-width: 600px) 100vw, 600px\" title=\"\"><\/span>\t\t<h2 class=\"woocommerce-loop-category__title\">\n\t\t\tCorsetti <mark class=\"count\">(1)<\/mark>\t\t<\/h2>\n\t\t<\/a><\/li>\n<li class=\"product-category product\">\n\t<a aria-label=\"Visita categoria del prodotto Bustier\" href=\"https:\/\/www.folylingerie.com\/it\/bustier\"><span class=\"cat-image-wrapper\"><img decoding=\"async\" src=\"https:\/\/www.folylingerie.com\/wp-content\/uploads\/bustier-.jpg\" alt=\"Bustier\" width=\"0\" height=\"\" srcset=\"https:\/\/www.folylingerie.com\/wp-content\/uploads\/bustier-.jpg 600w, https:\/\/www.folylingerie.com\/wp-content\/uploads\/bustier--150x200.jpg 150w\" sizes=\"(max-width: 600px) 100vw, 600px\" title=\"\"><\/span>\t\t<h2 class=\"woocommerce-loop-category__title\">\n\t\t\tBustier <mark class=\"count\">(3)<\/mark>\t\t<\/h2>\n\t\t<\/a><\/li>\n<li class=\"product-category product\">\n\t<a aria-label=\"Visita categoria del prodotto Bodystocking Catsuit\" href=\"https:\/\/www.folylingerie.com\/it\/bodystocking-catsuit\"><span class=\"cat-image-wrapper\"><img decoding=\"async\" src=\"https:\/\/www.folylingerie.com\/wp-content\/uploads\/bodystocking-catsuit.jpg\" alt=\"Bodystocking Catsuit\" width=\"0\" height=\"\" srcset=\"https:\/\/www.folylingerie.com\/wp-content\/uploads\/bodystocking-catsuit.jpg 600w, https:\/\/www.folylingerie.com\/wp-content\/uploads\/bodystocking-catsuit-150x200.jpg 150w\" sizes=\"(max-width: 600px) 100vw, 600px\" title=\"\"><\/span>\t\t<h2 class=\"woocommerce-loop-category__title\">\n\t\t\tBodystocking Catsuit <mark class=\"count\">(7)<\/mark>\t\t<\/h2>\n\t\t<\/a><\/li>\n<li class=\"product-category product last\">\n\t<a aria-label=\"Visita categoria del prodotto Body\" href=\"https:\/\/www.folylingerie.com\/it\/body\"><span class=\"cat-image-wrapper\"><img decoding=\"async\" src=\"https:\/\/www.folylingerie.com\/wp-content\/uploads\/Body.jpg\" alt=\"Body\" width=\"0\" height=\"\" srcset=\"https:\/\/www.folylingerie.com\/wp-content\/uploads\/Body.jpg 600w, https:\/\/www.folylingerie.com\/wp-content\/uploads\/Body-150x200.jpg 150w\" sizes=\"(max-width: 600px) 100vw, 600px\" title=\"\"><\/span>\t\t<h2 class=\"woocommerce-loop-category__title\">\n\t\t\tBody <mark class=\"count\">(33)<\/mark>\t\t<\/h2>\n\t\t<\/a><\/li>\n<li class=\"product-category product first\">\n\t<a aria-label=\"Visita categoria del prodotto Babydolls\" href=\"https:\/\/www.folylingerie.com\/it\/babydolls\"><span class=\"cat-image-wrapper\"><img decoding=\"async\" src=\"https:\/\/www.folylingerie.com\/wp-content\/uploads\/babydolls.jpg\" alt=\"Babydolls\" width=\"0\" height=\"\" srcset=\"https:\/\/www.folylingerie.com\/wp-content\/uploads\/babydolls.jpg 600w, https:\/\/www.folylingerie.com\/wp-content\/uploads\/babydolls-150x200.jpg 150w\" sizes=\"(max-width: 600px) 100vw, 600px\" title=\"\"><\/span>\t\t<h2 class=\"woocommerce-loop-category__title\">\n\t\t\tBabydolls <mark class=\"count\">(5)<\/mark>\t\t<\/h2>\n\t\t<\/a><\/li>\n<\/ul>\n<\/div>\t\t\t\t<\/div>\n\t\t\t\t<\/div>\n\t\t\t\t\t<\/div>\n\t\t\t\t<\/div>\n\t\t<div class=\"elementor-element elementor-element-d10e773 e-flex e-con-boxed e-con e-parent\" data-id=\"d10e773\" data-element_type=\"container\" data-e-type=\"container\">\n\t\t\t\t\t<div class=\"e-con-inner\">\n\t\t\t\t<div class=\"elementor-element elementor-element-583a6bd elementor-widget elementor-widget-text-editor\" data-id=\"583a6bd\" data-element_type=\"widget\" data-e-type=\"widget\" data-widget_type=\"text-editor.default\">\n\t\t\t\t<div class=\"elementor-widget-container\">\n\t\t\t\t\t\t\t\t\t<h4>Lingerie di FolyLingerie: Body, Babydolls, Sottovesti e altro<\/h4><p>Benvenuti nella categoria Lingerie di FolyLingerie, dove eleganza, seduzione e comfort si incontrano. La nostra collezione esclusiva include una vasta gamma di capi raffinati come Body, Babydolls, Sottovesti, Bodystocking Catsuit, Gu\u00eapi\u00e8re, Bustier, Reggicalze, Giarrettiere e Corsetti.<br \/>Ogni pezzo \u00e8 progettato per valorizzare la tua femminilit\u00e0 con stile e qualit\u00e0.<\/p>\t\t\t\t\t\t\t\t<\/div>\n\t\t\t\t<\/div>\n\t\t\t\t\t<\/div>\n\t\t\t\t<\/div>\n\t\t\t\t<\/div>\n\t\t","protected":false},"excerpt":{"rendered":"<p>Lingerie Dai forma ai tuoi sensi con le proposte di foly lingerie: intimo uomo e donna sexy, audaci e originali. 100% made in italy, tutte le proposte foly lingerie sono realizzate con tessuti e cuciture di alta qualit\u00e0, selezionati per non irritare la pelle e offrire al corpo la migliore vestibilit\u00e0. per non tradire il [&hellip;]<\/p>\n","protected":false},"author":2,"featured_media":0,"parent":0,"menu_order":0,"comment_status":"closed","ping_status":"closed","template":"template-canvas.php","meta":{"footnotes":""},"categories":[],"tags":[],"class_list":["post-14630","page","type-page","status-publish","hentry"],"_links":{"self":[{"href":"https:\/\/www.folylingerie.com\/it\/wp-json\/wp\/v2\/pages\/14630","targetHints":{"allow":["GET"]}}],"collection":[{"href":"https:\/\/www.folylingerie.com\/it\/wp-json\/wp\/v2\/pages"}],"about":[{"href":"https:\/\/www.folylingerie.com\/it\/wp-json\/wp\/v2\/types\/page"}],"author":[{"embeddable":true,"href":"https:\/\/www.folylingerie.com\/it\/wp-json\/wp\/v2\/users\/2"}],"replies":[{"embeddable":true,"href":"https:\/\/www.folylingerie.com\/it\/wp-json\/wp\/v2\/comments?post=14630"}],"version-history":[{"count":17,"href":"https:\/\/www.folylingerie.com\/it\/wp-json\/wp\/v2\/pages\/14630\/revisions"}],"predecessor-version":[{"id":15755,"href":"https:\/\/www.folylingerie.com\/it\/wp-json\/wp\/v2\/pages\/14630\/revisions\/15755"}],"wp:attachment":[{"href":"https:\/\/www.folylingerie.com\/it\/wp-json\/wp\/v2\/media?parent=14630"}],"wp:term":[{"taxonomy":"category","embeddable":true,"href":"https:\/\/www.folylingerie.com\/it\/wp-json\/wp\/v2\/categories?post=14630"},{"taxonomy":"post_tag","embeddable":true,"href":"https:\/\/www.folylingerie.com\/it\/wp-json\/wp\/v2\/tags?post=14630"}],"curies":[{"name":"wp","href":"https:\/\/api.w.org\/{rel}","templated":true}]}}