{"id":14,"date":"2022-03-08T16:30:02","date_gmt":"2022-03-08T15:30:02","guid":{"rendered":"https:\/\/www.folylingerie.com\/?page_id=14"},"modified":"2024-07-16T12:45:59","modified_gmt":"2024-07-16T10:45:59","slug":"diritto-di-rcesso","status":"publish","type":"page","link":"https:\/\/www.folylingerie.com\/it\/diritto-di-rcesso","title":{"rendered":"Diritto di recesso"},"content":{"rendered":"<p>Acquistare su<strong>\u00a0folylingerie.com\u00a0<\/strong>\u00e8 un momento di piacere da sperimentare in semplicit\u00e0 e sicurezza; altrettanto facile e sicuro \u00e8 rendere un prodotto.<\/p>\n<p>Ti colpir\u00e0 la qualit\u00e0 dei nostri capi, potrai valutare, toccando con mano, tessuti e preziosi dettagli.<\/p>\n<p>Se sarai soddisfatto, come speriamo, tornerai a visitarci.<\/p>\n<p>In caso contrario, restituirai il prodotto in modo facile e sicuro, inviando semplicemente una mail all&#8217;indirizzo\u00a0<strong><span id=\"cloak2f52e8161ef44477f55e932277f3e222\"><\/span><a href=\"mailto:info@folylingerie.com\">info@folylingerie.com<\/a><\/strong><\/p>\n<p>Non appena il reso (conforme alle condizioni) sar\u00e0 accettato dai nostri operatori, riceverai una mail e da quel momento potrai spedire (<strong>spese a carico del cliente<\/strong>)&#8230;. e tornare a visitarci per altri piacevoli momenti.<\/p>\n<p>Hai 10 giorni lavorativi di tempo ( a partire dal giorno in cui hai ricevuto la merce ) per restituire il prodotto.<\/p>\n<p><strong>Ricorda, i prodotti resi:<\/strong><\/p>\n<ul>\n<li>Non devono essere stati utilizzati, lavati, danneggiati.<\/li>\n<li>Devono avere la loro confezione originale, integra e non danneggiata.<\/li>\n<li>Devono avere tutte le etichette.<\/li>\n<li>Devono essere spediti entro e non oltre 10 giorni lavorativi dal giorno del ricevimento.<\/li>\n<\/ul>\n<p>ATTENZIONE: per ovvie ragioni igieniche, non possiamo accettare resi di prodotti destinati al contatto con parti intime.\u00a0<strong>A vostra esclusiva tutela.<\/strong><\/p>\n","protected":false},"excerpt":{"rendered":"<p>Acquistare su\u00a0folylingerie.com\u00a0\u00e8 un momento di piacere da sperimentare in semplicit\u00e0 e sicurezza; altrettanto facile e sicuro \u00e8 rendere un prodotto. Ti colpir\u00e0 la qualit\u00e0 dei nostri capi, potrai valutare, toccando con mano, tessuti e preziosi dettagli. Se sarai soddisfatto, come speriamo, tornerai a visitarci. In caso contrario, restituirai il prodotto in modo facile e sicuro, [&hellip;]<\/p>\n","protected":false},"author":1,"featured_media":0,"parent":0,"menu_order":0,"comment_status":"closed","ping_status":"closed","template":"","meta":{"footnotes":""},"categories":[],"tags":[],"class_list":["post-14","page","type-page","status-publish","hentry"],"_links":{"self":[{"href":"https:\/\/www.folylingerie.com\/it\/wp-json\/wp\/v2\/pages\/14","targetHints":{"allow":["GET"]}}],"collection":[{"href":"https:\/\/www.folylingerie.com\/it\/wp-json\/wp\/v2\/pages"}],"about":[{"href":"https:\/\/www.folylingerie.com\/it\/wp-json\/wp\/v2\/types\/page"}],"author":[{"embeddable":true,"href":"https:\/\/www.folylingerie.com\/it\/wp-json\/wp\/v2\/users\/1"}],"replies":[{"embeddable":true,"href":"https:\/\/www.folylingerie.com\/it\/wp-json\/wp\/v2\/comments?post=14"}],"version-history":[{"count":3,"href":"https:\/\/www.folylingerie.com\/it\/wp-json\/wp\/v2\/pages\/14\/revisions"}],"predecessor-version":[{"id":14424,"href":"https:\/\/www.folylingerie.com\/it\/wp-json\/wp\/v2\/pages\/14\/revisions\/14424"}],"wp:attachment":[{"href":"https:\/\/www.folylingerie.com\/it\/wp-json\/wp\/v2\/media?parent=14"}],"wp:term":[{"taxonomy":"category","embeddable":true,"href":"https:\/\/www.folylingerie.com\/it\/wp-json\/wp\/v2\/categories?post=14"},{"taxonomy":"post_tag","embeddable":true,"href":"https:\/\/www.folylingerie.com\/it\/wp-json\/wp\/v2\/tags?post=14"}],"curies":[{"name":"wp","href":"https:\/\/api.w.org\/{rel}","templated":true}]}}