{"id":12591,"date":"2024-04-17T12:35:23","date_gmt":"2024-04-17T10:35:23","guid":{"rendered":"https:\/\/www.folylingerie.com?page_id=12591"},"modified":"2024-09-10T17:30:51","modified_gmt":"2024-09-10T15:30:51","slug":"abbigliamento","status":"publish","type":"page","link":"https:\/\/www.folylingerie.com\/it\/abbigliamento","title":{"rendered":"Prodotti Abbigliamento"},"content":{"rendered":"\t\t<div data-elementor-type=\"wp-page\" data-elementor-id=\"12591\" class=\"elementor elementor-12591\" data-elementor-post-type=\"page\">\n\t\t\t\t<section class=\"elementor-element elementor-element-48bc3f75 lazy-background e-flex e-con-boxed e-con e-parent\" data-id=\"48bc3f75\" data-element_type=\"container\" data-e-type=\"container\" data-settings=\"{&quot;background_background&quot;:&quot;classic&quot;}\">\n\t\t\t\t\t<div class=\"e-con-inner\">\n\t\t\t\t<div class=\"elementor-element elementor-element-11f029bf elementor-widget elementor-widget-heading\" data-id=\"11f029bf\" data-element_type=\"widget\" data-e-type=\"widget\" data-widget_type=\"heading.default\">\n\t\t\t\t<div class=\"elementor-widget-container\">\n\t\t\t\t\t<h1 class=\"elementor-heading-title elementor-size-default\">Abbigliamento<\/h1>\t\t\t\t<\/div>\n\t\t\t\t<\/div>\n\t\t\t\t\t<\/div>\n\t\t\t\t<\/section>\n\t\t<div class=\"elementor-element elementor-element-3fd25874 e-flex e-con-boxed e-con e-parent\" data-id=\"3fd25874\" data-element_type=\"container\" data-e-type=\"container\">\n\t\t\t\t\t<div class=\"e-con-inner\">\n\t\t\t\t<div class=\"elementor-element elementor-element-5b294aa5 elementor-widget elementor-widget-text-editor\" data-id=\"5b294aa5\" data-element_type=\"widget\" data-e-type=\"widget\" data-widget_type=\"text-editor.default\">\n\t\t\t\t<div class=\"elementor-widget-container\">\n\t\t\t\t\t\t\t\t\t<p>Come vestirsi per una serata hot? Quali sono gli outfit che lo fanno impazzire? Che abbigliamento donna scegliere far abiti provocanti e un intimo sensuale? Ecco le proposte Foly Lingierie: pi\u00f9 di un completo intimo, meglio di qualsiasi ammiccamento, il look che proponiamo \u00e8 pensato e realizzato con malizia per farlo impazzire con stile, femminilit\u00e0 ed eleganza. con noi essere Donna \u00e8 cos\u00ec affascinante.<\/p>\t\t\t\t\t\t\t\t<\/div>\n\t\t\t\t<\/div>\n\t\t\t\t\t<\/div>\n\t\t\t\t<\/div>\n\t\t<div class=\"elementor-element elementor-element-f56769f e-flex e-con-boxed e-con e-parent\" data-id=\"f56769f\" data-element_type=\"container\" data-e-type=\"container\">\n\t\t\t\t\t<div class=\"e-con-inner\">\n\t\t\t\t<div class=\"elementor-element elementor-element-9612fbd elementor-grid-tablet_extra-3 elementor-grid-tablet-2 elementor-grid-mobile-1 elementor-grid-4 elementor-products-grid elementor-wc-products elementor-widget elementor-widget-wc-categories\" data-id=\"9612fbd\" data-element_type=\"widget\" data-e-type=\"widget\" data-widget_type=\"wc-categories.default\">\n\t\t\t\t<div class=\"elementor-widget-container\">\n\t\t\t\t\t<div class=\"woocommerce columns-4\"><ul class=\"products elementor-grid columns-4\">\n<li class=\"product-category product first\">\n\t<a aria-label=\"Visita categoria del prodotto Uomo\" href=\"https:\/\/www.folylingerie.com\/it\/uomo-cat\"><span class=\"cat-image-wrapper\"><img decoding=\"async\" src=\"https:\/\/www.folylingerie.com\/wp-content\/uploads\/uomo-folylingerie.jpg\" alt=\"Uomo\" width=\"0\" height=\"\" srcset=\"https:\/\/www.folylingerie.com\/wp-content\/uploads\/uomo-folylingerie.jpg 600w, https:\/\/www.folylingerie.com\/wp-content\/uploads\/uomo-folylingerie-441x441.jpg 441w, https:\/\/www.folylingerie.com\/wp-content\/uploads\/uomo-folylingerie-100x100.jpg 100w, https:\/\/www.folylingerie.com\/wp-content\/uploads\/uomo-folylingerie-150x150.jpg 150w\" sizes=\"(max-width: 600px) 100vw, 600px\" title=\"\"><\/span>\t\t<h2 class=\"woocommerce-loop-category__title\">\n\t\t\tUomo <mark class=\"count\">(4)<\/mark>\t\t<\/h2>\n\t\t<\/a><\/li>\n<li class=\"product-category product\">\n\t<a aria-label=\"Visita categoria del prodotto Pantaloni\" href=\"https:\/\/www.folylingerie.com\/it\/pantaloni\"><span class=\"cat-image-wrapper\"><img decoding=\"async\" src=\"https:\/\/www.folylingerie.com\/wp-content\/uploads\/pantaloni.jpg\" alt=\"Pantaloni\" width=\"0\" height=\"\" srcset=\"https:\/\/www.folylingerie.com\/wp-content\/uploads\/pantaloni.jpg 600w, https:\/\/www.folylingerie.com\/wp-content\/uploads\/pantaloni-150x200.jpg 150w\" sizes=\"(max-width: 600px) 100vw, 600px\" title=\"\"><\/span>\t\t<h2 class=\"woocommerce-loop-category__title\">\n\t\t\tPantaloni <mark class=\"count\">(2)<\/mark>\t\t<\/h2>\n\t\t<\/a><\/li>\n<li class=\"product-category product\">\n\t<a aria-label=\"Visita categoria del prodotto Maglie\" href=\"https:\/\/www.folylingerie.com\/it\/maglie\"><span class=\"cat-image-wrapper\"><img decoding=\"async\" src=\"https:\/\/www.folylingerie.com\/wp-content\/uploads\/hot-pants-sheila-12.jpg\" alt=\"Maglie\" width=\"0\" height=\"\" srcset=\"https:\/\/www.folylingerie.com\/wp-content\/uploads\/hot-pants-sheila-12.jpg 600w, https:\/\/www.folylingerie.com\/wp-content\/uploads\/hot-pants-sheila-12-150x200.jpg 150w\" sizes=\"(max-width: 600px) 100vw, 600px\" title=\"\"><\/span>\t\t<h2 class=\"woocommerce-loop-category__title\">\n\t\t\tMaglie <mark class=\"count\">(7)<\/mark>\t\t<\/h2>\n\t\t<\/a><\/li>\n<li class=\"product-category product last\">\n\t<a aria-label=\"Visita categoria del prodotto Leggings\" href=\"https:\/\/www.folylingerie.com\/it\/leggings\"><span class=\"cat-image-wrapper\"><img decoding=\"async\" src=\"https:\/\/www.folylingerie.com\/wp-content\/uploads\/leggings.jpg\" alt=\"Leggings\" width=\"0\" height=\"\" srcset=\"https:\/\/www.folylingerie.com\/wp-content\/uploads\/leggings.jpg 600w, https:\/\/www.folylingerie.com\/wp-content\/uploads\/leggings-150x200.jpg 150w\" sizes=\"(max-width: 600px) 100vw, 600px\" title=\"\"><\/span>\t\t<h2 class=\"woocommerce-loop-category__title\">\n\t\t\tLeggings <mark class=\"count\">(11)<\/mark>\t\t<\/h2>\n\t\t<\/a><\/li>\n<li class=\"product-category product first\">\n\t<a aria-label=\"Visita categoria del prodotto Hot pants\" href=\"https:\/\/www.folylingerie.com\/it\/hot-pants\"><span class=\"cat-image-wrapper\"><img decoding=\"async\" src=\"https:\/\/www.folylingerie.com\/wp-content\/uploads\/hot-pants.jpg\" alt=\"Hot pants\" width=\"0\" height=\"\" srcset=\"https:\/\/www.folylingerie.com\/wp-content\/uploads\/hot-pants.jpg 600w, https:\/\/www.folylingerie.com\/wp-content\/uploads\/hot-pants-150x200.jpg 150w\" sizes=\"(max-width: 600px) 100vw, 600px\" title=\"\"><\/span>\t\t<h2 class=\"woocommerce-loop-category__title\">\n\t\t\tHot pants <mark class=\"count\">(2)<\/mark>\t\t<\/h2>\n\t\t<\/a><\/li>\n<li class=\"product-category product\">\n\t<a aria-label=\"Visita categoria del prodotto Gonne\" href=\"https:\/\/www.folylingerie.com\/it\/gonne\"><span class=\"cat-image-wrapper\"><img decoding=\"async\" src=\"https:\/\/www.folylingerie.com\/wp-content\/uploads\/gonna.jpg\" alt=\"Gonne\" width=\"0\" height=\"\" srcset=\"https:\/\/www.folylingerie.com\/wp-content\/uploads\/gonna.jpg 600w, https:\/\/www.folylingerie.com\/wp-content\/uploads\/gonna-150x200.jpg 150w\" sizes=\"(max-width: 600px) 100vw, 600px\" title=\"\"><\/span>\t\t<h2 class=\"woocommerce-loop-category__title\">\n\t\t\tGonne <mark class=\"count\">(2)<\/mark>\t\t<\/h2>\n\t\t<\/a><\/li>\n<li class=\"product-category product\">\n\t<a aria-label=\"Visita categoria del prodotto Corpetti\" href=\"https:\/\/www.folylingerie.com\/it\/corpetti\"><span class=\"cat-image-wrapper\"><img decoding=\"async\" src=\"https:\/\/www.folylingerie.com\/wp-content\/uploads\/corpetto.jpg\" alt=\"Corpetti\" width=\"0\" height=\"\" srcset=\"https:\/\/www.folylingerie.com\/wp-content\/uploads\/corpetto.jpg 600w, https:\/\/www.folylingerie.com\/wp-content\/uploads\/corpetto-150x200.jpg 150w\" sizes=\"(max-width: 600px) 100vw, 600px\" title=\"\"><\/span>\t\t<h2 class=\"woocommerce-loop-category__title\">\n\t\t\tCorpetti\t\t<\/h2>\n\t\t<\/a><\/li>\n<li class=\"product-category product last\">\n\t<a aria-label=\"Visita categoria del prodotto Coprispalle\" href=\"https:\/\/www.folylingerie.com\/it\/coprispalle\"><span class=\"cat-image-wrapper\"><img decoding=\"async\" src=\"https:\/\/www.folylingerie.com\/wp-content\/uploads\/coprispalle.jpg\" alt=\"Coprispalle\" width=\"0\" height=\"\" srcset=\"https:\/\/www.folylingerie.com\/wp-content\/uploads\/coprispalle.jpg 600w, https:\/\/www.folylingerie.com\/wp-content\/uploads\/coprispalle-150x200.jpg 150w\" sizes=\"(max-width: 600px) 100vw, 600px\" title=\"\"><\/span>\t\t<h2 class=\"woocommerce-loop-category__title\">\n\t\t\tCoprispalle <mark class=\"count\">(2)<\/mark>\t\t<\/h2>\n\t\t<\/a><\/li>\n<li class=\"product-category product first\">\n\t<a aria-label=\"Visita categoria del prodotto Cappe\" href=\"https:\/\/www.folylingerie.com\/it\/cappe\"><span class=\"cat-image-wrapper\"><img decoding=\"async\" src=\"https:\/\/www.folylingerie.com\/wp-content\/uploads\/cappe.jpg\" alt=\"Cappe\" width=\"0\" height=\"\" srcset=\"https:\/\/www.folylingerie.com\/wp-content\/uploads\/cappe.jpg 600w, https:\/\/www.folylingerie.com\/wp-content\/uploads\/cappe-150x200.jpg 150w\" sizes=\"(max-width: 600px) 100vw, 600px\" title=\"\"><\/span>\t\t<h2 class=\"woocommerce-loop-category__title\">\n\t\t\tCappe <mark class=\"count\">(1)<\/mark>\t\t<\/h2>\n\t\t<\/a><\/li>\n<li class=\"product-category product\">\n\t<a aria-label=\"Visita categoria del prodotto Canotte\" href=\"https:\/\/www.folylingerie.com\/it\/canotte\"><span class=\"cat-image-wrapper\"><img decoding=\"async\" src=\"https:\/\/www.folylingerie.com\/wp-content\/uploads\/Canotte.jpg\" alt=\"Canotte\" width=\"0\" height=\"\" srcset=\"https:\/\/www.folylingerie.com\/wp-content\/uploads\/Canotte.jpg 600w, https:\/\/www.folylingerie.com\/wp-content\/uploads\/Canotte-150x200.jpg 150w\" sizes=\"(max-width: 600px) 100vw, 600px\" title=\"\"><\/span>\t\t<h2 class=\"woocommerce-loop-category__title\">\n\t\t\tCanotte <mark class=\"count\">(7)<\/mark>\t\t<\/h2>\n\t\t<\/a><\/li>\n<li class=\"product-category product\">\n\t<a aria-label=\"Visita categoria del prodotto Beachwear\" href=\"https:\/\/www.folylingerie.com\/it\/beachwear\"><span class=\"cat-image-wrapper\"><img decoding=\"async\" src=\"https:\/\/www.folylingerie.com\/wp-content\/uploads\/beachwear.jpg\" alt=\"Beachwear\" width=\"0\" height=\"\" srcset=\"https:\/\/www.folylingerie.com\/wp-content\/uploads\/beachwear.jpg 600w, https:\/\/www.folylingerie.com\/wp-content\/uploads\/beachwear-150x200.jpg 150w\" sizes=\"(max-width: 600px) 100vw, 600px\" title=\"\"><\/span>\t\t<h2 class=\"woocommerce-loop-category__title\">\n\t\t\tBeachwear <mark class=\"count\">(15)<\/mark>\t\t<\/h2>\n\t\t<\/a><\/li>\n<li class=\"product-category product last\">\n\t<a aria-label=\"Visita categoria del prodotto Abiti\" href=\"https:\/\/www.folylingerie.com\/it\/abiti\"><span class=\"cat-image-wrapper\"><img decoding=\"async\" src=\"https:\/\/www.folylingerie.com\/wp-content\/uploads\/abiti.jpg\" alt=\"Abiti\" width=\"0\" height=\"\" srcset=\"https:\/\/www.folylingerie.com\/wp-content\/uploads\/abiti.jpg 600w, https:\/\/www.folylingerie.com\/wp-content\/uploads\/abiti-150x200.jpg 150w\" sizes=\"(max-width: 600px) 100vw, 600px\" title=\"\"><\/span>\t\t<h2 class=\"woocommerce-loop-category__title\">\n\t\t\tAbiti <mark class=\"count\">(8)<\/mark>\t\t<\/h2>\n\t\t<\/a><\/li>\n<\/ul>\n<\/div>\t\t\t\t<\/div>\n\t\t\t\t<\/div>\n\t\t\t\t\t<\/div>\n\t\t\t\t<\/div>\n\t\t<div class=\"elementor-element elementor-element-f2fb8d1 e-flex e-con-boxed e-con e-parent\" data-id=\"f2fb8d1\" data-element_type=\"container\" data-e-type=\"container\">\n\t\t\t\t\t<div class=\"e-con-inner\">\n\t\t\t\t<div class=\"elementor-element elementor-element-c67e1ca elementor-widget elementor-widget-text-editor\" data-id=\"c67e1ca\" data-element_type=\"widget\" data-e-type=\"widget\" data-widget_type=\"text-editor.default\">\n\t\t\t\t<div class=\"elementor-widget-container\">\n\t\t\t\t\t\t\t\t\t<h4>Abbigliamento di FolyLingerie: Stile, Comfort e Versatilit\u00e0<\/h4><p>Benvenuti nella categoria Abbigliamento di FolyLingerie, dove troverai una collezione esclusiva di capi alla moda progettati per ogni occasione. La nostra gamma comprende Abiti, Beachwear, Leggings, Hot Pants, Coprispalle, Maglie, Canotte, Corpetti, Cappe, Pantaloni e Gonne, tutti realizzati con materiali di alta qualit\u00e0 e design innovativi per valorizzare il tuo stile unico.<\/p>\t\t\t\t\t\t\t\t<\/div>\n\t\t\t\t<\/div>\n\t\t\t\t\t<\/div>\n\t\t\t\t<\/div>\n\t\t\t\t<\/div>\n\t\t","protected":false},"excerpt":{"rendered":"<p>Abbigliamento Come vestirsi per una serata hot? Quali sono gli outfit che lo fanno impazzire? Che abbigliamento donna scegliere far abiti provocanti e un intimo sensuale? Ecco le proposte Foly Lingierie: pi\u00f9 di un completo intimo, meglio di qualsiasi ammiccamento, il look che proponiamo \u00e8 pensato e realizzato con malizia per farlo impazzire con stile, [&hellip;]<\/p>\n","protected":false},"author":2,"featured_media":0,"parent":0,"menu_order":0,"comment_status":"closed","ping_status":"closed","template":"template-canvas.php","meta":{"footnotes":""},"categories":[],"tags":[],"class_list":["post-12591","page","type-page","status-publish","hentry"],"_links":{"self":[{"href":"https:\/\/www.folylingerie.com\/it\/wp-json\/wp\/v2\/pages\/12591","targetHints":{"allow":["GET"]}}],"collection":[{"href":"https:\/\/www.folylingerie.com\/it\/wp-json\/wp\/v2\/pages"}],"about":[{"href":"https:\/\/www.folylingerie.com\/it\/wp-json\/wp\/v2\/types\/page"}],"author":[{"embeddable":true,"href":"https:\/\/www.folylingerie.com\/it\/wp-json\/wp\/v2\/users\/2"}],"replies":[{"embeddable":true,"href":"https:\/\/www.folylingerie.com\/it\/wp-json\/wp\/v2\/comments?post=12591"}],"version-history":[{"count":67,"href":"https:\/\/www.folylingerie.com\/it\/wp-json\/wp\/v2\/pages\/12591\/revisions"}],"predecessor-version":[{"id":15901,"href":"https:\/\/www.folylingerie.com\/it\/wp-json\/wp\/v2\/pages\/12591\/revisions\/15901"}],"wp:attachment":[{"href":"https:\/\/www.folylingerie.com\/it\/wp-json\/wp\/v2\/media?parent=12591"}],"wp:term":[{"taxonomy":"category","embeddable":true,"href":"https:\/\/www.folylingerie.com\/it\/wp-json\/wp\/v2\/categories?post=12591"},{"taxonomy":"post_tag","embeddable":true,"href":"https:\/\/www.folylingerie.com\/it\/wp-json\/wp\/v2\/tags?post=12591"}],"curies":[{"name":"wp","href":"https:\/\/api.w.org\/{rel}","templated":true}]}}