{"id":9891,"date":"2019-02-08T08:30:14","date_gmt":"2019-02-08T07:30:14","guid":{"rendered":"https:\/\/www.folylingerie.com\/jarrettelle-isabel-2.html"},"modified":"2019-02-08T08:30:14","modified_gmt":"2019-02-08T07:30:14","slug":"jarrettelle-isabel-2","status":"publish","type":"product","link":"https:\/\/www.folylingerie.com\/en\/jarrettelle-isabel-2","title":{"rendered":"Jarrettelle Isabel"},"content":{"rendered":"<p>Self-supporting thigh-highs and garter belt with a very special pointy cut and satin-covered hooks.<\/p>\n<p>Self-supporting thigh-highs and garter belt with a very special pointy cut and satin-covered hooks.<\/p>\n<p>THE PACKAGE INCLUDES: GARTER BELT AND SELF-SUPPORTING THIGH-HIGHS.<\/p>\n<p>Made of: Polyamide 85%, Elastan 15%.<\/p>\n<p class=\"tw-data-text tw-text-large XcVN5d tw-ta\" data-placeholder=\"Traduzione\" id=\"tw-target-text\" dir=\"ltr\"><span lang=\"de\">Selbsttragende Str\u00fcmpfe und Strumpfg\u00fcrtel mit einem ganz besonderen spitzen Schnitt und satinierten Haken.<\/span><\/p>\n<p class=\"tw-data-text tw-text-large XcVN5d tw-ta\" data-placeholder=\"Traduzione\" dir=\"ltr\"><span lang=\"de\">Selbsttragende Str\u00fcmpfe und Strumpfg\u00fcrtel mit einem ganz besonderen spitzen Schnitt und satinierten Haken. <\/span><\/p>\n<p class=\"tw-data-text tw-text-large XcVN5d tw-ta\" data-placeholder=\"Traduzione\" dir=\"ltr\"><span lang=\"de\">DAS PAKET ENTH\u00c4LT: GARTERG\u00dcRTEL UND SELBSTUNTERST\u00dcTZENDE HOCHH\u00d6HEN.<\/span><\/p>\n<p class=\"tw-data-text tw-text-large XcVN5d tw-ta\" data-placeholder=\"Traduzione\" dir=\"ltr\"><span lang=\"de\">Hergestellt aus: Polyamid 85%, Elastan 15%.<\/span><\/p>\n","protected":false},"excerpt":{"rendered":"<p>Self-supporting thigh-highs and garter belt with a very special pointy cut and satin-covered hooks<\/p>\n","protected":false},"featured_media":9879,"comment_status":"open","ping_status":"closed","template":"","meta":{"footnotes":""},"product_brand":[157],"product_cat":[201],"product_tag":[],"class_list":{"0":"post-9891","1":"product","2":"type-product","3":"status-publish","4":"has-post-thumbnail","6":"product_brand-foly-lingerie","7":"product_cat-stockings-socks","9":"first","10":"instock","11":"taxable","12":"shipping-taxable","13":"purchasable","14":"product-type-variable","15":"has-default-attributes"},"_links":{"self":[{"href":"https:\/\/www.folylingerie.com\/en\/wp-json\/wp\/v2\/product\/9891","targetHints":{"allow":["GET"]}}],"collection":[{"href":"https:\/\/www.folylingerie.com\/en\/wp-json\/wp\/v2\/product"}],"about":[{"href":"https:\/\/www.folylingerie.com\/en\/wp-json\/wp\/v2\/types\/product"}],"replies":[{"embeddable":true,"href":"https:\/\/www.folylingerie.com\/en\/wp-json\/wp\/v2\/comments?post=9891"}],"version-history":[{"count":0,"href":"https:\/\/www.folylingerie.com\/en\/wp-json\/wp\/v2\/product\/9891\/revisions"}],"wp:featuredmedia":[{"embeddable":true,"href":"https:\/\/www.folylingerie.com\/en\/wp-json\/wp\/v2\/media\/9879"}],"wp:attachment":[{"href":"https:\/\/www.folylingerie.com\/en\/wp-json\/wp\/v2\/media?parent=9891"}],"wp:term":[{"taxonomy":"product_brand","embeddable":true,"href":"https:\/\/www.folylingerie.com\/en\/wp-json\/wp\/v2\/product_brand?post=9891"},{"taxonomy":"product_cat","embeddable":true,"href":"https:\/\/www.folylingerie.com\/en\/wp-json\/wp\/v2\/product_cat?post=9891"},{"taxonomy":"product_tag","embeddable":true,"href":"https:\/\/www.folylingerie.com\/en\/wp-json\/wp\/v2\/product_tag?post=9891"}],"curies":[{"name":"wp","href":"https:\/\/api.w.org\/{rel}","templated":true}]}}