{"id":9370,"date":"2018-04-20T14:53:59","date_gmt":"2018-04-20T12:53:59","guid":{"rendered":"https:\/\/www.folylingerie.com\/reggiseno-flora-2.html"},"modified":"2018-04-20T14:53:59","modified_gmt":"2018-04-20T12:53:59","slug":"reggiseno-flora-2","status":"publish","type":"product","link":"https:\/\/www.folylingerie.com\/en\/reggiseno-flora-2","title":{"rendered":"Bra Flora"},"content":{"rendered":"<p class=\"Nessunostileparagrafo\"><span lang=\"en\">Lace and tulle bra.<\/span><\/p>\n<p class=\"Nessunostileparagrafo\">Composizione: Poliamyde 60% Poliestere 20% Elastan 20% &#8211; nikel-free.<\/p>\n<p>Soutien-gorge et string aux lignes uniques caract\u00e9ris\u00e9es par un tulle impalpable et des d\u00e9corations en dentelle qui cr\u00e9ent un contraste sensuel.<\/p>\n<p>BH und Tanga mit einzigartigen Linien, die durch unfassbare T\u00fcll- und Spitzendekorationen gekennzeichnet sind, die einen sinnlichen Kontrast schaffen.<\/p>\n","protected":false},"excerpt":{"rendered":"<p>Lace and tulle bra.<\/p>\n","protected":false},"featured_media":9362,"comment_status":"open","ping_status":"closed","template":"","meta":{"footnotes":""},"product_brand":[157],"product_cat":[164],"product_tag":[],"class_list":{"0":"post-9370","1":"product","2":"type-product","3":"status-publish","4":"has-post-thumbnail","6":"product_brand-foly-lingerie","7":"product_cat-bras-cat","9":"first","10":"instock","11":"sale","12":"taxable","13":"shipping-taxable","14":"purchasable","15":"product-type-variable","16":"has-default-attributes"},"_links":{"self":[{"href":"https:\/\/www.folylingerie.com\/en\/wp-json\/wp\/v2\/product\/9370","targetHints":{"allow":["GET"]}}],"collection":[{"href":"https:\/\/www.folylingerie.com\/en\/wp-json\/wp\/v2\/product"}],"about":[{"href":"https:\/\/www.folylingerie.com\/en\/wp-json\/wp\/v2\/types\/product"}],"replies":[{"embeddable":true,"href":"https:\/\/www.folylingerie.com\/en\/wp-json\/wp\/v2\/comments?post=9370"}],"version-history":[{"count":0,"href":"https:\/\/www.folylingerie.com\/en\/wp-json\/wp\/v2\/product\/9370\/revisions"}],"wp:featuredmedia":[{"embeddable":true,"href":"https:\/\/www.folylingerie.com\/en\/wp-json\/wp\/v2\/media\/9362"}],"wp:attachment":[{"href":"https:\/\/www.folylingerie.com\/en\/wp-json\/wp\/v2\/media?parent=9370"}],"wp:term":[{"taxonomy":"product_brand","embeddable":true,"href":"https:\/\/www.folylingerie.com\/en\/wp-json\/wp\/v2\/product_brand?post=9370"},{"taxonomy":"product_cat","embeddable":true,"href":"https:\/\/www.folylingerie.com\/en\/wp-json\/wp\/v2\/product_cat?post=9370"},{"taxonomy":"product_tag","embeddable":true,"href":"https:\/\/www.folylingerie.com\/en\/wp-json\/wp\/v2\/product_tag?post=9370"}],"curies":[{"name":"wp","href":"https:\/\/api.w.org\/{rel}","templated":true}]}}