{"id":8493,"date":"2016-02-01T14:48:15","date_gmt":"2016-02-01T13:48:15","guid":{"rendered":"https:\/\/www.folylingerie.com\/baby-doll-circe-2.html"},"modified":"2016-02-01T14:48:15","modified_gmt":"2016-02-01T13:48:15","slug":"baby-doll-circe-2","status":"publish","type":"product","link":"https:\/\/www.folylingerie.com\/en\/baby-doll-circe-2","title":{"rendered":"Baby doll Circe"},"content":{"rendered":"<p>Babydoll in gold Lurex pattern: what an aggressive charm!<\/p>\n<p>This high quality stretch fabric garment is ideal to be worn a single cloth or a camisole.<\/p>\n<p>Made of: Polyamide 85%, Elastan 15%.<\/p>\n<p>Baby doll \u00e0 Lurex Oro id\u00e9al \u00e0 la fois comme une pi\u00e8ce unique et comme un undergrew.<\/p>\n<p>Babypuppe in Lurex Oro ideal sowohl als Unikat als auch als Undergrew.<\/p>\n<p>&nbsp;<\/p>\n","protected":false},"excerpt":{"rendered":"<p>Golden babydoll<br \/>\nAvaible in size S\/M \u2013 M\/L<\/p>\n","protected":false},"featured_media":8485,"comment_status":"open","ping_status":"closed","template":"","meta":{"footnotes":""},"product_brand":[157],"product_cat":[297],"product_tag":[],"class_list":{"0":"post-8493","1":"product","2":"type-product","3":"status-publish","4":"has-post-thumbnail","6":"product_brand-foly-lingerie","7":"product_cat-babydolls","9":"first","10":"outofstock","11":"sale","12":"taxable","13":"shipping-taxable","14":"purchasable","15":"product-type-variable","16":"has-default-attributes"},"_links":{"self":[{"href":"https:\/\/www.folylingerie.com\/en\/wp-json\/wp\/v2\/product\/8493","targetHints":{"allow":["GET"]}}],"collection":[{"href":"https:\/\/www.folylingerie.com\/en\/wp-json\/wp\/v2\/product"}],"about":[{"href":"https:\/\/www.folylingerie.com\/en\/wp-json\/wp\/v2\/types\/product"}],"replies":[{"embeddable":true,"href":"https:\/\/www.folylingerie.com\/en\/wp-json\/wp\/v2\/comments?post=8493"}],"version-history":[{"count":0,"href":"https:\/\/www.folylingerie.com\/en\/wp-json\/wp\/v2\/product\/8493\/revisions"}],"wp:featuredmedia":[{"embeddable":true,"href":"https:\/\/www.folylingerie.com\/en\/wp-json\/wp\/v2\/media\/8485"}],"wp:attachment":[{"href":"https:\/\/www.folylingerie.com\/en\/wp-json\/wp\/v2\/media?parent=8493"}],"wp:term":[{"taxonomy":"product_brand","embeddable":true,"href":"https:\/\/www.folylingerie.com\/en\/wp-json\/wp\/v2\/product_brand?post=8493"},{"taxonomy":"product_cat","embeddable":true,"href":"https:\/\/www.folylingerie.com\/en\/wp-json\/wp\/v2\/product_cat?post=8493"},{"taxonomy":"product_tag","embeddable":true,"href":"https:\/\/www.folylingerie.com\/en\/wp-json\/wp\/v2\/product_tag?post=8493"}],"curies":[{"name":"wp","href":"https:\/\/api.w.org\/{rel}","templated":true}]}}