{"id":8171,"date":"2013-10-25T15:25:30","date_gmt":"2013-10-25T13:25:30","guid":{"rendered":"https:\/\/www.folylingerie.com\/babydoll-alessia.html"},"modified":"2025-02-06T13:08:03","modified_gmt":"2025-02-06T12:08:03","slug":"babydoll-alessia","status":"publish","type":"product","link":"https:\/\/www.folylingerie.com\/en\/babydoll-alessia","title":{"rendered":"Babydoll ALESSIA"},"content":{"rendered":"<p>Babydoll made of stretch tulle fabric with Oeko-Tex certified stretch organza lace top and adjustable straps.<\/p>\n<p>A romantic and sexy babydoll: an essential accessory for the night, perfect for romantic encounters! The adjustable straps allow you to choose the depth of the neckline.<\/p>\n<p>Made of: Polyamide 85%, Elastan 15%.<\/p>\n<p>Poup\u00e9e romantique de ch\u00e9ri dans le tulle extensible et le corsage de dentelle. Les sangles r\u00e9glables vous permettent de choisir la profondeur de l\u2019encolure.<\/p>\n<p>Romantische Babypuppe in Stretch T\u00fcll und Spitze Mieder. Die verstellbaren Riemen erm\u00f6glichen es Ihnen, die Tiefe des Ausschnitts zu w\u00e4hlen.<\/p>\n<p>&nbsp;<\/p>\n","protected":false},"excerpt":{"rendered":"<p>Babydoll Alessia: a romantic and glamour accessory!<\/p>\n","protected":false},"featured_media":16060,"comment_status":"open","ping_status":"closed","template":"","meta":{"footnotes":""},"product_brand":[157],"product_cat":[297],"product_tag":[],"class_list":{"0":"post-8171","1":"product","2":"type-product","3":"status-publish","4":"has-post-thumbnail","6":"product_brand-foly-lingerie","7":"product_cat-babydolls","9":"first","10":"instock","11":"taxable","12":"shipping-taxable","13":"purchasable","14":"product-type-variable","15":"has-default-attributes"},"_links":{"self":[{"href":"https:\/\/www.folylingerie.com\/en\/wp-json\/wp\/v2\/product\/8171","targetHints":{"allow":["GET"]}}],"collection":[{"href":"https:\/\/www.folylingerie.com\/en\/wp-json\/wp\/v2\/product"}],"about":[{"href":"https:\/\/www.folylingerie.com\/en\/wp-json\/wp\/v2\/types\/product"}],"replies":[{"embeddable":true,"href":"https:\/\/www.folylingerie.com\/en\/wp-json\/wp\/v2\/comments?post=8171"}],"version-history":[{"count":0,"href":"https:\/\/www.folylingerie.com\/en\/wp-json\/wp\/v2\/product\/8171\/revisions"}],"wp:featuredmedia":[{"embeddable":true,"href":"https:\/\/www.folylingerie.com\/en\/wp-json\/wp\/v2\/media\/16060"}],"wp:attachment":[{"href":"https:\/\/www.folylingerie.com\/en\/wp-json\/wp\/v2\/media?parent=8171"}],"wp:term":[{"taxonomy":"product_brand","embeddable":true,"href":"https:\/\/www.folylingerie.com\/en\/wp-json\/wp\/v2\/product_brand?post=8171"},{"taxonomy":"product_cat","embeddable":true,"href":"https:\/\/www.folylingerie.com\/en\/wp-json\/wp\/v2\/product_cat?post=8171"},{"taxonomy":"product_tag","embeddable":true,"href":"https:\/\/www.folylingerie.com\/en\/wp-json\/wp\/v2\/product_tag?post=8171"}],"curies":[{"name":"wp","href":"https:\/\/api.w.org\/{rel}","templated":true}]}}