{"id":8081,"date":"2012-01-31T09:26:45","date_gmt":"2012-01-31T08:26:45","guid":{"rendered":"https:\/\/www.folylingerie.com\/guepiere-liz-2.html"},"modified":"2012-01-31T09:26:45","modified_gmt":"2012-01-31T08:26:45","slug":"guepiere-liz-2","status":"publish","type":"product","link":"https:\/\/www.folylingerie.com\/en\/guepiere-liz-2","title":{"rendered":"Gu\u00eapi\u00e8re Liz"},"content":{"rendered":"<p>&nbsp;Gu\u00eapi\u00e8re in very precious organza lace with deep neckline and a perforated entre-deux.<\/p>\n<p>A sensual and elegant gu\u00eapi\u00e8re to be worn under an evening dress or as a single garment during the sexiest moments! Its special lace gives the garment great<\/p>\n<p>elegance and refinement.<\/p>\n<p>SELF SUPPORTING THIGH-HIGHS WITH CRINKLED HEM INCLUDED.<\/p>\n<p>Made of: Viscose 70%, Polyamide 20%, Elastan 10%.<\/p>\n<div class=\"tw-ta-container hide-focus-ring tw-nfl\" id=\"tw-target-text-container\" tabindex=\"0\">\n<p class=\"tw-data-text tw-text-large XcVN5d tw-ta\" data-placeholder=\"Traduzione\" id=\"tw-target-text\" dir=\"ltr\"><span lang=\"de\">Gu\u00eapi\u00e8re aus sehr wertvoller Organza-Spitze mit tiefem Ausschnitt und perforiertem Entre-Deux. Ein sinnliches und elegantes Gu\u00eapi\u00e8re, das in den sexy Momenten unter einem Abendkleid oder als einzelnes Kleidungsst\u00fcck getragen werden kann! Seine spezielle Spitze verleiht dem Kleidungsst\u00fcck eine gro\u00dfartige Note Eleganz und Raffinesse. <\/span><\/p>\n<p class=\"tw-data-text tw-text-large XcVN5d tw-ta\" data-placeholder=\"Traduzione\" dir=\"ltr\"><span lang=\"de\">Selbstunterst\u00fctzung von Oberschenkeln mit zerknittertem H\u00e4m inklusive. <\/span><\/p>\n<p class=\"tw-data-text tw-text-large XcVN5d tw-ta\" data-placeholder=\"Traduzione\" dir=\"ltr\"><span lang=\"de\">Hergestellt aus: Viskose 70%, Polyamid 20%, Elastan 10%.<\/span><\/p>\n<\/div>\n<div class=\"tw-ta-container hide-focus-ring tw-nfl\" id=\"tw-target-rmn-container\">&nbsp;<\/div>\n<p>&nbsp;<\/p>\n","protected":false},"excerpt":{"rendered":"<p>Sexy and trasgressive: Guepiere Liz!<\/p>\n","protected":false},"featured_media":8075,"comment_status":"open","ping_status":"closed","template":"","meta":{"footnotes":""},"product_brand":[157],"product_cat":[301],"product_tag":[],"class_list":{"0":"post-8081","1":"product","2":"type-product","3":"status-publish","4":"has-post-thumbnail","6":"product_brand-foly-lingerie","7":"product_cat-guepiere","9":"first","10":"instock","11":"sale","12":"taxable","13":"shipping-taxable","14":"purchasable","15":"product-type-variable","16":"has-default-attributes"},"_links":{"self":[{"href":"https:\/\/www.folylingerie.com\/en\/wp-json\/wp\/v2\/product\/8081","targetHints":{"allow":["GET"]}}],"collection":[{"href":"https:\/\/www.folylingerie.com\/en\/wp-json\/wp\/v2\/product"}],"about":[{"href":"https:\/\/www.folylingerie.com\/en\/wp-json\/wp\/v2\/types\/product"}],"replies":[{"embeddable":true,"href":"https:\/\/www.folylingerie.com\/en\/wp-json\/wp\/v2\/comments?post=8081"}],"version-history":[{"count":0,"href":"https:\/\/www.folylingerie.com\/en\/wp-json\/wp\/v2\/product\/8081\/revisions"}],"wp:featuredmedia":[{"embeddable":true,"href":"https:\/\/www.folylingerie.com\/en\/wp-json\/wp\/v2\/media\/8075"}],"wp:attachment":[{"href":"https:\/\/www.folylingerie.com\/en\/wp-json\/wp\/v2\/media?parent=8081"}],"wp:term":[{"taxonomy":"product_brand","embeddable":true,"href":"https:\/\/www.folylingerie.com\/en\/wp-json\/wp\/v2\/product_brand?post=8081"},{"taxonomy":"product_cat","embeddable":true,"href":"https:\/\/www.folylingerie.com\/en\/wp-json\/wp\/v2\/product_cat?post=8081"},{"taxonomy":"product_tag","embeddable":true,"href":"https:\/\/www.folylingerie.com\/en\/wp-json\/wp\/v2\/product_tag?post=8081"}],"curies":[{"name":"wp","href":"https:\/\/api.w.org\/{rel}","templated":true}]}}