{"id":17348,"date":"2021-02-04T14:20:58","date_gmt":"2021-02-04T13:20:58","guid":{"rendered":"https:\/\/www.folylingerie.com\/pamela-baby-doll"},"modified":"2025-04-24T17:35:25","modified_gmt":"2025-04-24T15:35:25","slug":"pamela-baby-doll","status":"publish","type":"product","link":"https:\/\/www.folylingerie.com\/en\/pamela-baby-doll","title":{"rendered":"Pamela baby doll"},"content":{"rendered":"<p class=\"tw-data-text tw-text-large XcVN5d tw-ta\" data-placeholder=\"Traduzione\" id=\"tw-target-text\" dir=\"ltr\"><span lang=\"en\">Baby doll in soft tulle with openings on the front. For an I see I don&#8217;t see effect. <\/span><\/p>\n<p>Poup\u00e9e de ch\u00e9ri dans le tulle doux avec des ouvertures sur l&#8217;avant. Pour un effet que je vois, je ne vois pas. <\/p>\n<p>Babypuppe aus weichem T\u00fcll mit \u00d6ffnungen auf der Vorderseite. F\u00fcr einen Effekt sehe ich nicht. <\/p>\n","protected":false},"excerpt":{"rendered":"<p>Soft tulle baby doll.<\/p>\n","protected":false},"featured_media":10379,"comment_status":"open","ping_status":"closed","template":"","meta":{"footnotes":""},"product_brand":[],"product_cat":[297],"product_tag":[],"class_list":{"0":"post-17348","1":"product","2":"type-product","3":"status-publish","4":"has-post-thumbnail","6":"product_cat-babydolls","8":"first","9":"outofstock","10":"taxable","11":"shipping-taxable","12":"purchasable","13":"product-type-simple"},"_links":{"self":[{"href":"https:\/\/www.folylingerie.com\/en\/wp-json\/wp\/v2\/product\/17348","targetHints":{"allow":["GET"]}}],"collection":[{"href":"https:\/\/www.folylingerie.com\/en\/wp-json\/wp\/v2\/product"}],"about":[{"href":"https:\/\/www.folylingerie.com\/en\/wp-json\/wp\/v2\/types\/product"}],"replies":[{"embeddable":true,"href":"https:\/\/www.folylingerie.com\/en\/wp-json\/wp\/v2\/comments?post=17348"}],"version-history":[{"count":0,"href":"https:\/\/www.folylingerie.com\/en\/wp-json\/wp\/v2\/product\/17348\/revisions"}],"wp:featuredmedia":[{"embeddable":true,"href":"https:\/\/www.folylingerie.com\/en\/wp-json\/wp\/v2\/media\/10379"}],"wp:attachment":[{"href":"https:\/\/www.folylingerie.com\/en\/wp-json\/wp\/v2\/media?parent=17348"}],"wp:term":[{"taxonomy":"product_brand","embeddable":true,"href":"https:\/\/www.folylingerie.com\/en\/wp-json\/wp\/v2\/product_brand?post=17348"},{"taxonomy":"product_cat","embeddable":true,"href":"https:\/\/www.folylingerie.com\/en\/wp-json\/wp\/v2\/product_cat?post=17348"},{"taxonomy":"product_tag","embeddable":true,"href":"https:\/\/www.folylingerie.com\/en\/wp-json\/wp\/v2\/product_tag?post=17348"}],"curies":[{"name":"wp","href":"https:\/\/api.w.org\/{rel}","templated":true}]}}