{"id":16007,"date":"2024-09-18T09:05:17","date_gmt":"2024-09-18T07:05:17","guid":{"rendered":"https:\/\/www.folylingerie.com\/?post_type=product&#038;p=16007"},"modified":"2024-10-16T08:09:00","modified_gmt":"2024-10-16T06:09:00","slug":"bodysuit-florence-copia","status":"publish","type":"product","link":"https:\/\/www.folylingerie.com\/en\/bodysuit-florence-copia","title":{"rendered":"Bodysuit  Penny"},"content":{"rendered":"<p>Two-coloured body and a unique cut: sensual and stylish! Available in black-black, black-cherry and black-pinstripe colours.<\/p>\n<p>Our Florence bodysuit hit the nail on the head at the Salon International de la Lingerie in Paris, having been chosen to model during the Fashion Show!<\/p>\n<p>Made of: Polyamide 85%, Elastan 15%.<\/p>\n<p>This garment has been made with LYCRA\u00ae BEAUTY fibre for a shaping effect of the silhouette, which ensures comfort and freedom of movement.<\/p>\n<p>Body en tulle avec empi\u00e8cements en microfibre qui dessinent une ligne sensuelle sur le corps. Disponible en plusieurs coloris, il peut \u00eatre port\u00e9 en toute occasion pour donner classe et charme \u00e0 votre tenue.<\/p>\n<p>Bodysuit aus T\u00fcll mit Mikrofasereins\u00e4tzen, die eine sinnliche Linie auf den K\u00f6rper ziehen. Erh\u00e4ltlich in verschiedenen Farben, kann er zu jeder Gelegenheit getragen werden, um Ihrem Outfit Klasse und Charme zu verleihen.<\/p>\n<p>&nbsp;<\/p>\n","protected":false},"excerpt":{"rendered":"<p>Body two-coloured<br \/>\nAvaible in size S \u2013 M \u2013 L<\/p>\n","protected":false},"featured_media":16017,"comment_status":"open","ping_status":"closed","template":"","meta":{"footnotes":""},"product_brand":[],"product_cat":[298],"product_tag":[],"class_list":{"0":"post-16007","1":"product","2":"type-product","3":"status-publish","4":"has-post-thumbnail","6":"product_cat-body","8":"first","9":"instock","10":"taxable","11":"shipping-taxable","12":"purchasable","13":"product-type-variable"},"_links":{"self":[{"href":"https:\/\/www.folylingerie.com\/en\/wp-json\/wp\/v2\/product\/16007","targetHints":{"allow":["GET"]}}],"collection":[{"href":"https:\/\/www.folylingerie.com\/en\/wp-json\/wp\/v2\/product"}],"about":[{"href":"https:\/\/www.folylingerie.com\/en\/wp-json\/wp\/v2\/types\/product"}],"replies":[{"embeddable":true,"href":"https:\/\/www.folylingerie.com\/en\/wp-json\/wp\/v2\/comments?post=16007"}],"version-history":[{"count":0,"href":"https:\/\/www.folylingerie.com\/en\/wp-json\/wp\/v2\/product\/16007\/revisions"}],"wp:featuredmedia":[{"embeddable":true,"href":"https:\/\/www.folylingerie.com\/en\/wp-json\/wp\/v2\/media\/16017"}],"wp:attachment":[{"href":"https:\/\/www.folylingerie.com\/en\/wp-json\/wp\/v2\/media?parent=16007"}],"wp:term":[{"taxonomy":"product_brand","embeddable":true,"href":"https:\/\/www.folylingerie.com\/en\/wp-json\/wp\/v2\/product_brand?post=16007"},{"taxonomy":"product_cat","embeddable":true,"href":"https:\/\/www.folylingerie.com\/en\/wp-json\/wp\/v2\/product_cat?post=16007"},{"taxonomy":"product_tag","embeddable":true,"href":"https:\/\/www.folylingerie.com\/en\/wp-json\/wp\/v2\/product_tag?post=16007"}],"curies":[{"name":"wp","href":"https:\/\/api.w.org\/{rel}","templated":true}]}}