{"id":11068,"date":"2023-03-22T08:34:09","date_gmt":"2023-03-22T07:34:09","guid":{"rendered":"https:\/\/www.folylingerie.com\/perizoma-gioiello-aurora-regolabile-2.html"},"modified":"2023-03-22T08:34:09","modified_gmt":"2023-03-22T07:34:09","slug":"perizoma-gioiello-aurora-regolabile-2","status":"publish","type":"product","link":"https:\/\/www.folylingerie.com\/en\/perizoma-gioiello-aurora-regolabile-2","title":{"rendered":"String Aurora adjustable size."},"content":{"rendered":"<p>Il <strong>perizoma gioiello Aurora<\/strong>, un <strong>perizoma a T (ti) nero con stringhe regolabili<\/strong>, \u00e8 completamente in raso elasticizzato, con comodo tassello triangolare nella parte anteriore. Il bijoux \u00e8 costruito su una maglia metallica nikel free cos\u00ec sottile che quasi si perde per abbagliare la vista con il piacere del desiderio!<\/p>\n<h4><strong>SEX TIPS<\/strong><\/h4>\n<p class=\"nessunostileparagrafo\">Il <strong>perizoma gioiello Aurora<\/strong> \u00e8 uno <strong>slip intimo<\/strong> comodo e facile da portare. Merito della sua forma e composizione. Ideato e prodotto in Italia in esclusiva da Foly Lingerie, il perizoma Gaia \u00e8 realizzato con la fibra LYCRA\u00ae BEAUTY, una lycra di qualit\u00e0 che assicura alla silhouette una perfetta vestibilit\u00e0, comfort e libert\u00e0 di movimento. Il tessuto protegge dai raggi UV schermando la pelle dalle radiazioni fino al 97,5%. Per questo l\u2019intimo Gaia pu\u00f2 essere indossato a vista, sotto abiti in pizzo, tulle e trasparenti. Grazie alle <strong>stringhe regolabili<\/strong> \u00e8 possibile altres\u00ec aumentare la <strong>sgambatura<\/strong> del perizoma e lasciare che il dettaglio gioiello appaia sopra jeans e gonne a vita bassa. Un intimo sexy per tutte le donne e tutte le taglie, consigliato a chi ama stupire, di giorno come di notte!<\/p>\n","protected":false},"excerpt":{"rendered":"<p>Perizoma regolabile in microfibra con bijou gioiello. <\/p>\n","protected":false},"featured_media":11060,"comment_status":"open","ping_status":"closed","template":"","meta":{"footnotes":""},"product_brand":[157],"product_cat":[208],"product_tag":[],"class_list":{"0":"post-11068","1":"product","2":"type-product","3":"status-publish","4":"has-post-thumbnail","6":"product_brand-foly-lingerie","7":"product_cat-jewel-thong","9":"first","10":"instock","11":"taxable","12":"shipping-taxable","13":"purchasable","14":"product-type-variable","15":"has-default-attributes"},"_links":{"self":[{"href":"https:\/\/www.folylingerie.com\/en\/wp-json\/wp\/v2\/product\/11068","targetHints":{"allow":["GET"]}}],"collection":[{"href":"https:\/\/www.folylingerie.com\/en\/wp-json\/wp\/v2\/product"}],"about":[{"href":"https:\/\/www.folylingerie.com\/en\/wp-json\/wp\/v2\/types\/product"}],"replies":[{"embeddable":true,"href":"https:\/\/www.folylingerie.com\/en\/wp-json\/wp\/v2\/comments?post=11068"}],"version-history":[{"count":0,"href":"https:\/\/www.folylingerie.com\/en\/wp-json\/wp\/v2\/product\/11068\/revisions"}],"wp:featuredmedia":[{"embeddable":true,"href":"https:\/\/www.folylingerie.com\/en\/wp-json\/wp\/v2\/media\/11060"}],"wp:attachment":[{"href":"https:\/\/www.folylingerie.com\/en\/wp-json\/wp\/v2\/media?parent=11068"}],"wp:term":[{"taxonomy":"product_brand","embeddable":true,"href":"https:\/\/www.folylingerie.com\/en\/wp-json\/wp\/v2\/product_brand?post=11068"},{"taxonomy":"product_cat","embeddable":true,"href":"https:\/\/www.folylingerie.com\/en\/wp-json\/wp\/v2\/product_cat?post=11068"},{"taxonomy":"product_tag","embeddable":true,"href":"https:\/\/www.folylingerie.com\/en\/wp-json\/wp\/v2\/product_tag?post=11068"}],"curies":[{"name":"wp","href":"https:\/\/api.w.org\/{rel}","templated":true}]}}