{"id":10089,"date":"2020-09-01T09:09:35","date_gmt":"2020-09-01T07:09:35","guid":{"rendered":"https:\/\/www.folylingerie.com\/reggiseno-perla-frange-2.html"},"modified":"2020-09-01T09:09:35","modified_gmt":"2020-09-01T07:09:35","slug":"reggiseno-perla-frange-2","status":"publish","type":"product","link":"https:\/\/www.folylingerie.com\/en\/reggiseno-perla-frange-2","title":{"rendered":"Pearl Fringed Bra"},"content":{"rendered":"<p class=\"tw-data-text tw-text-large XcVN5d tw-ta\" data-placeholder=\"Traduzione\" id=\"tw-target-text\" dir=\"ltr\"><span lang=\"en\">Bra Perla Fringes, bra with front opening enriched by fringes. <\/span><\/p>\n<p class=\"tw-data-text tw-text-large XcVN5d tw-ta\" data-placeholder=\"Traduzione\" dir=\"ltr\"><span lang=\"en\">This garment teases eroticism.<\/span><\/p>\n<p>Composizione: Poliamyde 45% Acetato 45% Elastan 10%.<\/p>\n<p>Soutien-gorge \u00e0 franges, soutien-gorge avec ouverture devant enrichi de franges. Ce v\u00eatement taquine l&#8217;\u00e9rotisme.<\/p>\n","protected":false},"excerpt":{"rendered":"<p>Pearl Fringed Bra.<\/p>\n","protected":false},"featured_media":16048,"comment_status":"open","ping_status":"closed","template":"","meta":{"footnotes":""},"product_brand":[157],"product_cat":[164],"product_tag":[],"class_list":{"0":"post-10089","1":"product","2":"type-product","3":"status-publish","4":"has-post-thumbnail","6":"product_brand-foly-lingerie","7":"product_cat-bras-cat","9":"first","10":"instock","11":"taxable","12":"shipping-taxable","13":"purchasable","14":"product-type-variable","15":"has-default-attributes"},"_links":{"self":[{"href":"https:\/\/www.folylingerie.com\/en\/wp-json\/wp\/v2\/product\/10089","targetHints":{"allow":["GET"]}}],"collection":[{"href":"https:\/\/www.folylingerie.com\/en\/wp-json\/wp\/v2\/product"}],"about":[{"href":"https:\/\/www.folylingerie.com\/en\/wp-json\/wp\/v2\/types\/product"}],"replies":[{"embeddable":true,"href":"https:\/\/www.folylingerie.com\/en\/wp-json\/wp\/v2\/comments?post=10089"}],"version-history":[{"count":0,"href":"https:\/\/www.folylingerie.com\/en\/wp-json\/wp\/v2\/product\/10089\/revisions"}],"wp:featuredmedia":[{"embeddable":true,"href":"https:\/\/www.folylingerie.com\/en\/wp-json\/wp\/v2\/media\/16048"}],"wp:attachment":[{"href":"https:\/\/www.folylingerie.com\/en\/wp-json\/wp\/v2\/media?parent=10089"}],"wp:term":[{"taxonomy":"product_brand","embeddable":true,"href":"https:\/\/www.folylingerie.com\/en\/wp-json\/wp\/v2\/product_brand?post=10089"},{"taxonomy":"product_cat","embeddable":true,"href":"https:\/\/www.folylingerie.com\/en\/wp-json\/wp\/v2\/product_cat?post=10089"},{"taxonomy":"product_tag","embeddable":true,"href":"https:\/\/www.folylingerie.com\/en\/wp-json\/wp\/v2\/product_tag?post=10089"}],"curies":[{"name":"wp","href":"https:\/\/api.w.org\/{rel}","templated":true}]}}